{"id":95,"date":"2022-02-08T18:19:57","date_gmt":"2022-02-08T17:19:57","guid":{"rendered":"https:\/\/gdrchalco.cnrs.fr\/?page_id=95"},"modified":"2022-02-15T11:11:38","modified_gmt":"2022-02-15T10:11:38","slug":"applications-optique-photonique","status":"publish","type":"page","link":"https:\/\/gdrchalco.cnrs.fr\/?page_id=95&lang=fr","title":{"rendered":"Applications Optique Photonique"},"content":{"rendered":"\t\t<div data-elementor-type=\"wp-page\" data-elementor-id=\"95\" class=\"elementor elementor-95\">\n\t\t\t\t\t\t<section class=\"elementor-section elementor-top-section elementor-element elementor-element-4379cabe elementor-section-boxed elementor-section-height-default elementor-section-height-default\" data-id=\"4379cabe\" data-element_type=\"section\" data-e-type=\"section\">\n\t\t\t\t\t\t<div class=\"elementor-container elementor-column-gap-default\">\n\t\t\t\t\t<div class=\"elementor-column elementor-col-100 elementor-top-column elementor-element elementor-element-5d0acd3e\" data-id=\"5d0acd3e\" data-element_type=\"column\" data-e-type=\"column\">\n\t\t\t<div class=\"elementor-widget-wrap elementor-element-populated\">\n\t\t\t\t\t\t<div class=\"elementor-element elementor-element-d70c1c3 elementor-widget elementor-widget-image\" data-id=\"d70c1c3\" data-element_type=\"widget\" data-e-type=\"widget\" data-widget_type=\"image.default\">\n\t\t\t\t<div class=\"elementor-widget-container\">\n\t\t\t\t\t\t\t\t\t\t\t\t\t\t\t<img fetchpriority=\"high\" decoding=\"async\" width=\"300\" height=\"297\" src=\"https:\/\/gdrchalco.cnrs.fr\/wp-content\/uploads\/2022\/02\/logo_photonique-300x297.png\" class=\"attachment-medium size-medium wp-image-377\" alt=\"\" srcset=\"https:\/\/gdrchalco.cnrs.fr\/wp-content\/uploads\/2022\/02\/logo_photonique-300x297.png 300w, https:\/\/gdrchalco.cnrs.fr\/wp-content\/uploads\/2022\/02\/logo_photonique-150x150.png 150w, https:\/\/gdrchalco.cnrs.fr\/wp-content\/uploads\/2022\/02\/logo_photonique.png 689w\" sizes=\"(max-width: 300px) 100vw, 300px\" \/>\t\t\t\t\t\t\t\t\t\t\t\t\t\t\t<\/div>\n\t\t\t\t<\/div>\n\t\t\t\t<div class=\"elementor-element elementor-element-6d6b509a elementor-widget elementor-widget-text-editor\" data-id=\"6d6b509a\" data-element_type=\"widget\" data-e-type=\"widget\" data-widget_type=\"text-editor.default\">\n\t\t\t\t<div class=\"elementor-widget-container\">\n\t\t\t\t\t\t\t\t\t\n<p><em>Domaine de l\u2019optique et imagerie IR capteurs environnementaux et m\u00e9dicaux, optiques IR, nanostructures biom\u00e9dicales.<\/em><\/p>\n\n\n\n<p>Comme le laisse pr\u00e9sager leur grande transparence dans le moyen infrarouge, les verres \u00e0 base de chalcog\u00e9nures, els que les syst\u00e8mes As-S(Se, Te), Ge-Sb-S(Se), Ga-Ge-As-S(Se), poss\u00e8dent de basses \u00e9nergies de phonon du fait des masses \u00e9lev\u00e9es des atomes les composant comparativement aux verres oxydes ainsi que des \u00e9nergies de liaison plus faibles. L\u2019interaction de la lumi\u00e8re avec les modes de vibrations des liaisons chimiques du mat\u00e9riau sont \u00e0 l\u2019origine de l\u2019absorption multiphonons. La plage de transparence s\u2019\u00e9tend jusqu\u2019\u00e0 environ 10 \u03bcm pour les verres sulfures, environ 15 \u03bcm pour les verres s\u00e9l\u00e9niures et 20-25 \u03bcm pour les verres \u00e0 base de tellure limit\u00e9e par la bande d\u2019absorption des transitions multiphonons. Des valeurs \u00e9lev\u00e9es de l&rsquo;indice de r\u00e9fraction lin\u00e9aire et non lin\u00e9aire les caract\u00e9risent. Par ailleurs, les verres de chalcog\u00e9nures sont connus pour \u00eatre sensibles \u00e0 l\u2019irradiation lumineuse et montrent une vari\u00e9t\u00e9 d\u2019effets photoinduits. Ces caract\u00e9ristiques leurs conf\u00e8rent des propri\u00e9t\u00e9s attractives dans le domaine de l\u2019optique et de l\u2019imagerie. Ainsi, les capteurs de gaz, de polluants, d\u2019armes chimiques, bact\u00e9riologiques, et\/ou d\u2019explosifs peuvent b\u00e9n\u00e9ficier tr\u00e8s largement de la sp\u00e9cificit\u00e9 des bandes de vibrations fondamentales dans le moyen IR des mol\u00e9cules permettant leur d\u00e9tection s\u00e9lective et sensible. Les capteurs \u00e0 ondes \u00e9vanescentes qu\u2019ils se pr\u00e9sentent sous forme de fibres optiques ou de plateformes photoniques \u00e0 base de chalcog\u00e9nures ont d\u00e9montr\u00e9 leur pertinence pour des applications de d\u00e9tection environnementale ou en m\u00e9decine. Ils constituent des mat\u00e9riaux de choix pour le d\u00e9veloppement de sources de lumi\u00e8re pour la spectroscopie infrarouges (sources par dopage d\u2019ions de terres rares, source \u00e0 g\u00e9n\u00e9ration de supercontinuum, peigne de fr\u00e9quences en particulier,), les capteurs embarqu\u00e9s int\u00e9gr\u00e9s ou plus simplement des \u00e9l\u00e9ments d\u2019optique en espace libre conventionnels (lentilles, hublots, s\u00e9parateur de faisceaux, filtres\u2026) pour les technologies infrarouges en \u00e9mergence. De plus dans le domaine de l\u2019imagerie IR, les chalcog\u00e9nures sont \u00e9tudi\u00e9s aussi comme couche isolante thermique dans les imageurs bolom\u00e9triques afin d\u2019am\u00e9liorer encore leur sensibilit\u00e9. Une illustration des applications r\u00e9centes dans ce domaine concerne le d\u00e9veloppement r\u00e9cent de thermom\u00e8tres IR sans contact pour le COVID.<\/p>\n\t\t\t\t\t\t\t\t<\/div>\n\t\t\t\t<\/div>\n\t\t\t\t\t<\/div>\n\t\t<\/div>\n\t\t\t\t\t<\/div>\n\t\t<\/section>\n\t\t\t\t<section class=\"elementor-section elementor-top-section elementor-element elementor-element-6dff1d0 elementor-section-boxed elementor-section-height-default elementor-section-height-default\" data-id=\"6dff1d0\" data-element_type=\"section\" data-e-type=\"section\">\n\t\t\t\t\t\t<div class=\"elementor-container elementor-column-gap-default\">\n\t\t\t\t\t<div class=\"elementor-column elementor-col-100 elementor-top-column elementor-element elementor-element-c8aabe9\" data-id=\"c8aabe9\" data-element_type=\"column\" data-e-type=\"column\">\n\t\t\t<div class=\"elementor-widget-wrap elementor-element-populated\">\n\t\t\t\t\t\t<div class=\"elementor-element elementor-element-51949f0 elementor-widget elementor-widget-text-editor\" data-id=\"51949f0\" data-element_type=\"widget\" data-e-type=\"widget\" data-widget_type=\"text-editor.default\">\n\t\t\t\t<div class=\"elementor-widget-container\">\n\t\t\t\t\t\t\t\t\t<p>image : \u00a9 Fran\u00e7ois VRIGNAUD\/CNRS Phototh\u00e8que\n      \n  <\/p>\t\t\t\t\t\t\t\t<\/div>\n\t\t\t\t<\/div>\n\t\t\t\t\t<\/div>\n\t\t<\/div>\n\t\t\t\t\t<\/div>\n\t\t<\/section>\n\t\t\t\t<\/div>\n\t\t","protected":false},"excerpt":{"rendered":"<p>Domaine de l\u2019optique et imagerie IR capteurs environnementaux et m\u00e9dicaux, optiques IR, nanostructures biom\u00e9dicales. Comme le laisse pr\u00e9sager leur grande transparence dans le moyen infrarouge, les verres \u00e0 base de chalcog\u00e9nures, els que les syst\u00e8mes As-S(Se, Te), Ge-Sb-S(Se), Ga-Ge-As-S(Se), poss\u00e8dent de basses \u00e9nergies de phonon du fait des masses \u00e9lev\u00e9es des atomes les composant comparativement [&hellip;]<\/p>\n","protected":false},"author":2,"featured_media":0,"parent":0,"menu_order":0,"comment_status":"closed","ping_status":"closed","template":"","meta":{"footnotes":""},"class_list":["post-95","page","type-page","status-publish","hentry","entry"],"_links":{"self":[{"href":"https:\/\/gdrchalco.cnrs.fr\/index.php?rest_route=\/wp\/v2\/pages\/95","targetHints":{"allow":["GET"]}}],"collection":[{"href":"https:\/\/gdrchalco.cnrs.fr\/index.php?rest_route=\/wp\/v2\/pages"}],"about":[{"href":"https:\/\/gdrchalco.cnrs.fr\/index.php?rest_route=\/wp\/v2\/types\/page"}],"author":[{"embeddable":true,"href":"https:\/\/gdrchalco.cnrs.fr\/index.php?rest_route=\/wp\/v2\/users\/2"}],"replies":[{"embeddable":true,"href":"https:\/\/gdrchalco.cnrs.fr\/index.php?rest_route=%2Fwp%2Fv2%2Fcomments&post=95"}],"version-history":[{"count":4,"href":"https:\/\/gdrchalco.cnrs.fr\/index.php?rest_route=\/wp\/v2\/pages\/95\/revisions"}],"predecessor-version":[{"id":380,"href":"https:\/\/gdrchalco.cnrs.fr\/index.php?rest_route=\/wp\/v2\/pages\/95\/revisions\/380"}],"wp:attachment":[{"href":"https:\/\/gdrchalco.cnrs.fr\/index.php?rest_route=%2Fwp%2Fv2%2Fmedia&parent=95"}],"curies":[{"name":"wp","href":"https:\/\/api.w.org\/{rel}","templated":true}]}}