{"id":85,"date":"2022-02-08T17:27:08","date_gmt":"2022-02-08T16:27:08","guid":{"rendered":"https:\/\/gdrchalco.cnrs.fr\/?page_id=85"},"modified":"2022-02-11T11:03:13","modified_gmt":"2022-02-11T10:03:13","slug":"applications-memoires-neuromorphiques","status":"publish","type":"page","link":"https:\/\/gdrchalco.cnrs.fr\/?page_id=85&lang=fr","title":{"rendered":"Applications M\u00e9moire Neuromorphique"},"content":{"rendered":"\t\t<div data-elementor-type=\"wp-page\" data-elementor-id=\"85\" class=\"elementor elementor-85\">\n\t\t\t\t\t\t<section class=\"elementor-section elementor-top-section elementor-element elementor-element-49a3dfa5 elementor-section-boxed elementor-section-height-default elementor-section-height-default\" data-id=\"49a3dfa5\" data-element_type=\"section\" data-e-type=\"section\">\n\t\t\t\t\t\t<div class=\"elementor-container elementor-column-gap-default\">\n\t\t\t\t\t<div class=\"elementor-column elementor-col-100 elementor-top-column elementor-element elementor-element-3c2f6a65\" data-id=\"3c2f6a65\" data-element_type=\"column\" data-e-type=\"column\">\n\t\t\t<div class=\"elementor-widget-wrap elementor-element-populated\">\n\t\t\t\t\t\t<div class=\"elementor-element elementor-element-91f8643 elementor-widget elementor-widget-image\" data-id=\"91f8643\" data-element_type=\"widget\" data-e-type=\"widget\" data-widget_type=\"image.default\">\n\t\t\t\t<div class=\"elementor-widget-container\">\n\t\t\t\t\t\t\t\t\t\t\t\t\t\t\t<img fetchpriority=\"high\" decoding=\"async\" width=\"300\" height=\"298\" src=\"https:\/\/gdrchalco.cnrs.fr\/wp-content\/uploads\/2022\/02\/logo_memo-1-300x298.png\" class=\"attachment-medium size-medium wp-image-260\" alt=\"\" srcset=\"https:\/\/gdrchalco.cnrs.fr\/wp-content\/uploads\/2022\/02\/logo_memo-1-300x298.png 300w, https:\/\/gdrchalco.cnrs.fr\/wp-content\/uploads\/2022\/02\/logo_memo-1-150x150.png 150w, https:\/\/gdrchalco.cnrs.fr\/wp-content\/uploads\/2022\/02\/logo_memo-1.png 712w\" sizes=\"(max-width: 300px) 100vw, 300px\" \/>\t\t\t\t\t\t\t\t\t\t\t\t\t\t\t<\/div>\n\t\t\t\t<\/div>\n\t\t\t\t<div class=\"elementor-element elementor-element-1896e4ba elementor-widget elementor-widget-text-editor\" data-id=\"1896e4ba\" data-element_type=\"widget\" data-e-type=\"widget\" data-widget_type=\"text-editor.default\">\n\t\t\t\t<div class=\"elementor-widget-container\">\n\t\t\t\t\t\t\t\t\t<p><\/p>\n<p><em>Domaines des technologies num\u00e9riques : mat\u00e9riaux \u00e0 changement de phase, intelligence artificielle et calculs \u00e0 hautes performances.<\/em><\/p>\n<p><\/p>\n<p><\/p>\n<p>Certains compos\u00e9s chalcog\u00e9nures,principalement les alliages \u00e0 base de Te, constituent la majeure partie des mat\u00e9riaux \u00e0 changement de phase (ou PCM pour Phase-Change Materials). Ces compos\u00e9s chalcog\u00e9nures pr\u00e9sentent une diff\u00e9rence de propri\u00e9t\u00e9s optiques et \u00e9lectroniques exceptionnelle entre leur phase amorphe et cristalline. La phase amorphe est isolante et de faible r\u00e9flectivit\u00e9 alors que la phase cristalline est m\u00e9tallique et fortement r\u00e9fl\u00e9chissante. La possibilit\u00e9 de contr\u00f4ler la transition d\u2019une phase \u00e0 l\u2019autre de mani\u00e8re totalement r\u00e9versible par le biais d\u2019impulsions optiques et\/ou \u00e9lectriques a ouvert un vaste champ applicatif pour le stockage et la manipulation de l\u2019information.<br>C\u2019est par exemple la grande diff\u00e9rence de r\u00e9flectivit\u00e9 optique qui fit leur succ\u00e8s dans les ann\u00e9es 90 pour l\u2019enregistrement optique (CD-RW, DVD-RAM puis Blu-ray Disk) . La grande diff\u00e9rence de r\u00e9sistivit\u00e9 \u00e9lectrique permet en micro\u00e9lectronique la r\u00e9alisation de m\u00e9moires r\u00e9sistives non-volatiles \u00e0 changement de phase. Ces m\u00e9moires PCM sont pressenties pour remplacer les m\u00e9moires Flash \u00e0 stockage de charge (clef USB, cartes SD \u2026) mais aussi pour permettre la r\u00e9alisation de m\u00e9moires dites universelles (ou SCM pour Storage Class Memory). Ces SCM poss\u00e8dent des propri\u00e9t\u00e9s interm\u00e9diaires entre les m\u00e9moires DRAM ultra-rapides mais volatiles et les m\u00e9moires non-volatiles lentes telles que les Flash. Une seconde famille de mat\u00e9riaux, les verres de chalcog\u00e9nures, ont aussi \u00e9t\u00e9 tr\u00e8s r\u00e9cemment \u00e0 l\u2019origine d\u2019une \u00e9volution technologique majeure dans le domaine des m\u00e9moires en micro\u00e9lectronique avec la r\u00e9alisation de dispositifs s\u00e9lecteurs innovants (dit OTS pour Ovonic Threshold Switching). L\u2018utilisation combin\u00e9e de m\u00e9moires PCM associ\u00e9es \u00e0 des s\u00e9lecteurs OTS dans des dispositifs m\u00e9moires en 3D ont ouvert la voie \u00e0 une v\u00e9ritable r\u00e9volution sur le march\u00e9 des m\u00e9moires avec les technologies 3D-Xpoint et OptaneTM d\u2019INTEL\/MICRON. Les PCM sont aussi l\u2019objet d\u2019un tr\u00e8s grand nombre d\u2019\u00e9tudes pour la r\u00e9alisation de circuits neuromorphiques dans le domaine \u00e9lectronique et tr\u00e8s r\u00e9cemment dans le domaine optique visant \u00e0 reproduire artificiellement les processus biologiques du cerveau pour le traitement de l\u2019informationassist\u00e9 par intelligence artificielle. <br><\/p>\n<p><\/p>\t\t\t\t\t\t\t\t<\/div>\n\t\t\t\t<\/div>\n\t\t\t\t\t<\/div>\n\t\t<\/div>\n\t\t\t\t\t<\/div>\n\t\t<\/section>\n\t\t\t\t<\/div>\n\t\t","protected":false},"excerpt":{"rendered":"<p>Domaines des technologies num\u00e9riques : mat\u00e9riaux \u00e0 changement de phase, intelligence artificielle et calculs \u00e0 hautes performances. Certains compos\u00e9s chalcog\u00e9nures,principalement les alliages \u00e0 base de Te, constituent la majeure partie des mat\u00e9riaux \u00e0 changement de phase (ou PCM pour Phase-Change Materials). Ces compos\u00e9s chalcog\u00e9nures pr\u00e9sentent une diff\u00e9rence de propri\u00e9t\u00e9s optiques et \u00e9lectroniques exceptionnelle entre leur [&hellip;]<\/p>\n","protected":false},"author":2,"featured_media":0,"parent":0,"menu_order":0,"comment_status":"closed","ping_status":"closed","template":"","meta":{"footnotes":""},"class_list":["post-85","page","type-page","status-publish","hentry","entry"],"_links":{"self":[{"href":"https:\/\/gdrchalco.cnrs.fr\/index.php?rest_route=\/wp\/v2\/pages\/85","targetHints":{"allow":["GET"]}}],"collection":[{"href":"https:\/\/gdrchalco.cnrs.fr\/index.php?rest_route=\/wp\/v2\/pages"}],"about":[{"href":"https:\/\/gdrchalco.cnrs.fr\/index.php?rest_route=\/wp\/v2\/types\/page"}],"author":[{"embeddable":true,"href":"https:\/\/gdrchalco.cnrs.fr\/index.php?rest_route=\/wp\/v2\/users\/2"}],"replies":[{"embeddable":true,"href":"https:\/\/gdrchalco.cnrs.fr\/index.php?rest_route=%2Fwp%2Fv2%2Fcomments&post=85"}],"version-history":[{"count":17,"href":"https:\/\/gdrchalco.cnrs.fr\/index.php?rest_route=\/wp\/v2\/pages\/85\/revisions"}],"predecessor-version":[{"id":266,"href":"https:\/\/gdrchalco.cnrs.fr\/index.php?rest_route=\/wp\/v2\/pages\/85\/revisions\/266"}],"wp:attachment":[{"href":"https:\/\/gdrchalco.cnrs.fr\/index.php?rest_route=%2Fwp%2Fv2%2Fmedia&parent=85"}],"curies":[{"name":"wp","href":"https:\/\/api.w.org\/{rel}","templated":true}]}}