{"id":8,"date":"2022-02-03T10:30:02","date_gmt":"2022-02-03T09:30:02","guid":{"rendered":"https:\/\/gdrchalco.cnrs.fr\/?page_id=8"},"modified":"2022-05-16T17:09:19","modified_gmt":"2022-05-16T15:09:19","slug":"8-2","status":"publish","type":"page","link":"https:\/\/gdrchalco.cnrs.fr\/?page_id=8&lang=fr","title":{"rendered":"Accueil"},"content":{"rendered":"\n<h2 class=\"wp-block-heading\" id=\"les-materiaux-chalcogenures\">Les mat\u00e9riaux chalcog\u00e9nures?<\/h2>\n\n\n\n<p>Les mat\u00e9riaux chalcog\u00e9nures sont des compos\u00e9s non-oxydes contenant au moins un \u00e9l\u00e9ment chalcog\u00e8ne (atomes de souffre S, s\u00e9l\u00e9nium Se ou tellure Te \u00e9l\u00e9ments figurant dans la colonne 16 du tableau p\u00e9riodique et n\u2019incluant ni l\u2019oxyg\u00e8ne ni le polonium) le plus souvent associ\u00e9 \u00e0 des \u00e9l\u00e9ments m\u00e9talliques et\/ou metallo\u00efdes tels que As, Si, In, Sb, Sn, Ge ou Ga selon les applications.<\/p>\n\n\n\n<h2 class=\"wp-block-heading\" id=\"le-groupement-de-recherche-chalco\">Le Groupement de Recherche Chalco<\/h2>\n\n\n\n<p>Il existe actuellement en France une importante communaut\u00e9 pluridisciplinaire travaillant au meilleur niveau international avec et sur les mat\u00e9riaux chalcog\u00e9nures. Si certaines parties de cette communaut\u00e9 sont d\u2019ores et d\u00e9j\u00e0 structur\u00e9es car travaillant autour du m\u00eame champ applicatif, il n\u2019existe pas de structure \u00e0 l\u2019\u00e9chelle nationale permettant de recouvrir les diff\u00e9rents champs disciplinaires des mat\u00e9riaux chalcog\u00e9nures et promouvoir les interactions et les \u00e9changes au sein de cette communaut\u00e9.<br>Nous pouvons citer en exemple les groupes travaillant sur les applications\/propri\u00e9t\u00e9s optiques et les groupes focalis\u00e9s sur les aspects plus fondamentaux ou encore les laboratoires s\u2019int\u00e9ressant aux applications en micro\u00e9lectronique. Bien qu\u2019il existe des liens entre les \u00e9quipes travaillant sur deux domaines contigus (comme par exemple entre la communaut\u00e9 de la th\u00e9orie &amp; simulation AIMD avec celle de la caract\u00e9risation-structure avanc\u00e9e ou entre cette derni\u00e8re et les chercheurs en synth\u00e8se des mat\u00e9riaux puis entre cette communaut\u00e9 mat\u00e9riaux et les \u00e9quipes R&amp;D travaillant sur l\u2019int\u00e9gration de ces mat\u00e9riaux dans des composants jusqu\u2019\u00e0 la production industrielle de dispositifs bas\u00e9s sur ces chalcog\u00e9nures), la mise en relation d\u2019un bout \u00e0 l\u2019autre de la cha\u00eene de connaissance depuis la recherche fondamentale jusqu&rsquo;\u00e0 la production industrielle reste marginale. <\/p>\n\n\n\n<p class=\"has-text-align-center has-medium-font-size\">La mission principale de notre GDR est donc de cr\u00e9er un maillage vertical de la recherche fondamentale aux applications et transverse en regroupant les diff\u00e9rents champs d\u2019applications des mat\u00e9riaux chalcog\u00e9nures.<\/p>\n\n\n\n<p><\/p>\n\n\n\n<p><\/p>\n\n\n\n<h2 class=\"wp-block-heading\" id=\"structuration\">Structuration<\/h2>\n\n\n\n<p>Le programme propos\u00e9 par le GDR CHALCO repose sur l\u2019animation crois\u00e9e entre les trois axes transverses que sont la th\u00e9orie, le design et la mod\u00e9lisation, l\u2019\u00e9laboration des mat\u00e9riaux et enfin les caract\u00e9risations avanc\u00e9es et les quatre axes applicatifs : m\u00e9moires et neuromorphisme, optique et photonique, thermiques et \u00e9nergie, spin-orbitronique.<\/p>\n\n\n\n<figure class=\"wp-block-table has-small-font-size\"><table><tbody><tr><td><\/td><td class=\"has-text-align-center\" data-align=\"center\"><strong>Applications <br>m\u00e9moire,<br>neuromorphique<\/strong> <\/td><td class=\"has-text-align-center\" data-align=\"center\"><strong>Applications <br>optique,<br>photonique<\/strong><\/td><td class=\"has-text-align-center\" data-align=\"center\"><strong>Applications <br>thermique, <br>\u00e9nergie<\/strong><\/td><td class=\"has-text-align-center\" data-align=\"center\"><strong>Applications <br>spin-orbitronique<\/strong><\/td><\/tr><tr><td><strong>Th\u00e9orie, design <br>et mod\u00e9lisation<\/strong><\/td><td class=\"has-text-align-center\" data-align=\"center\">CiNAM, IPCMS, LETI, CELIA<\/td><td class=\"has-text-align-center\" data-align=\"center\">ICB, IF, FEMTO-ST,FOTON, CIMAP,IPCMS, ISCR<\/td><td class=\"has-text-align-center\" data-align=\"center\">ILM, IPCMS, IEMN,IMN, LRCS, I. N\u00e9el,UCCS, Madirel, IM2NP<\/td><td class=\"has-text-align-center\" data-align=\"center\">SPINTEC, IPCMS, LPCNO<\/td><\/tr><tr><td><strong>Elaboration des<br>mat\u00e9riaux<\/strong><\/td><td class=\"has-text-align-center\" data-align=\"center\">IMN, ICGM, ISCR,CEA-LETi, ICGM, Madirel, INL, IM2NP, LMGP<\/td><td class=\"has-text-align-center\" data-align=\"center\">ISCR, ICB, FOTON,ICGM, CEA-LETi, LPL,INL, GPM, LPCA, IF,PhLAM, LPEM, INSP<\/td><td class=\"has-text-align-center\" data-align=\"center\">IMN, ILM, CEA-LETi,LRCS, ISCR, ICGM,N\u00e9\u00e9l, Madirel, ICMCB,ISM, CRISMAT, LRCS<\/td><td class=\"has-text-align-center\" data-align=\"center\">SPINTEC, LETI<\/td><\/tr><tr><td><strong>Caract\u00e9risation<br>avanc\u00e9es<\/strong><\/td><td class=\"has-text-align-center\" data-align=\"center\">Madirel, ICGM, ISCR,CEMES, CELIA,IM2NP, CEA-LETi,IEMN, LPCNO<\/td><td class=\"has-text-align-center\" data-align=\"center\">CEA-LETi, ICB,FOTON, ICGM, ISCR,CIMAP , LPL, LPCA,XLIM, LabHC, IF, INSP<\/td><td class=\"has-text-align-center\" data-align=\"center\">IEMN, LRCS, ICGM, ISCR, N\u00e9el, Madirel,I2M, INSP<\/td><td class=\"has-text-align-center\" data-align=\"center\">SPINTEC<\/td><\/tr><tr><td><strong>Industriels<\/strong><\/td><td class=\"has-text-align-center\" data-align=\"center\"><\/td><td class=\"has-text-align-center\" data-align=\"center\"><\/td><td class=\"has-text-align-center\" data-align=\"center\"><\/td><td class=\"has-text-align-center\" data-align=\"center\"><\/td><\/tr><\/tbody><\/table><figcaption>Structuration en 4 axes applicatifs et 3 champs transverses avec les diff\u00e9rents laboratoires impliqu\u00e9s dans chaque axe\/champ<\/figcaption><\/figure>\n\n\n\n<p><\/p>\n\n\n\n<h2 class=\"wp-block-heading\" id=\"details\">D\u00e9tails<\/h2>\n\n\n\n<p>Le GdR Chalco a \u00e9t\u00e9 cr\u00e9e en 2022 pour 5 ans. Il est rattach\u00e9 \u00e0 l&rsquo;<a href=\"https:\/\/www.inp.cnrs.fr\/fr\/institut\">Institut de Physique<\/a> du CNRS, et d\u00e9pend en second lieu de l&rsquo;<a href=\"https:\/\/www.inc.cnrs.fr\/fr\/institut\">Institut de Chimie<\/a> et de l&rsquo;<a href=\"https:\/\/www.insis.cnrs.fr\/fr\/institut\">Institut des Sciences de l&rsquo;Ing\u00e9nierie et des Syst\u00e8mes<\/a>. Il comporte 34 laboratoires\/instituts et 53 groupes.<\/p>\n","protected":false},"excerpt":{"rendered":"<p>Les mat\u00e9riaux chalcog\u00e9nures? Les mat\u00e9riaux chalcog\u00e9nures sont des compos\u00e9s non-oxydes contenant au moins un \u00e9l\u00e9ment chalcog\u00e8ne (atomes de souffre S, s\u00e9l\u00e9nium Se ou tellure Te \u00e9l\u00e9ments figurant dans la colonne 16 du tableau p\u00e9riodique et n\u2019incluant ni l\u2019oxyg\u00e8ne ni le polonium) le plus souvent associ\u00e9 \u00e0 des \u00e9l\u00e9ments m\u00e9talliques et\/ou metallo\u00efdes tels que As, Si, [&hellip;]<\/p>\n","protected":false},"author":2,"featured_media":0,"parent":0,"menu_order":0,"comment_status":"closed","ping_status":"closed","template":"","meta":{"footnotes":""},"class_list":["post-8","page","type-page","status-publish","hentry","entry"],"_links":{"self":[{"href":"https:\/\/gdrchalco.cnrs.fr\/index.php?rest_route=\/wp\/v2\/pages\/8","targetHints":{"allow":["GET"]}}],"collection":[{"href":"https:\/\/gdrchalco.cnrs.fr\/index.php?rest_route=\/wp\/v2\/pages"}],"about":[{"href":"https:\/\/gdrchalco.cnrs.fr\/index.php?rest_route=\/wp\/v2\/types\/page"}],"author":[{"embeddable":true,"href":"https:\/\/gdrchalco.cnrs.fr\/index.php?rest_route=\/wp\/v2\/users\/2"}],"replies":[{"embeddable":true,"href":"https:\/\/gdrchalco.cnrs.fr\/index.php?rest_route=%2Fwp%2Fv2%2Fcomments&post=8"}],"version-history":[{"count":15,"href":"https:\/\/gdrchalco.cnrs.fr\/index.php?rest_route=\/wp\/v2\/pages\/8\/revisions"}],"predecessor-version":[{"id":1023,"href":"https:\/\/gdrchalco.cnrs.fr\/index.php?rest_route=\/wp\/v2\/pages\/8\/revisions\/1023"}],"wp:attachment":[{"href":"https:\/\/gdrchalco.cnrs.fr\/index.php?rest_route=%2Fwp%2Fv2%2Fmedia&parent=8"}],"curies":[{"name":"wp","href":"https:\/\/api.w.org\/{rel}","templated":true}]}}