{"id":73,"date":"2022-02-08T14:15:14","date_gmt":"2022-02-08T13:15:14","guid":{"rendered":"https:\/\/gdrchalco.cnrs.fr\/?page_id=73"},"modified":"2022-03-23T16:15:21","modified_gmt":"2022-03-23T15:15:21","slug":"thematiques","status":"publish","type":"page","link":"https:\/\/gdrchalco.cnrs.fr\/?page_id=73&lang=fr","title":{"rendered":"Th\u00e9matiques"},"content":{"rendered":"\n<p>Le nombre de domaines dans lesquels les propri\u00e9t\u00e9s des mat\u00e9riaux chalcog\u00e9nures sont \u00e0 la base de solutions technologiques industrielles et \u00e9mergentes est en constante augmentation. Toutes les applications vis\u00e9es s\u2019appuient sur une recherche fondamentale exp\u00e9rimentale et th\u00e9orique d\u2019excellence cherchant \u00e0 comprendre les m\u00e9canismes physico-chimiques mis en jeu (processus \u00e9lectroniques, processus de vieillissement, processus optiques, transitions de phase, transports phononique vs \u00e9lectronique, transport ionique, processus de spin, etc.), et \u00e0 \u00e9laborer des strat\u00e9gies pour les contr\u00f4ler et enfin les optimiser. Le p\u00e9rim\u00e8tre scientifique o\u00f9 les mat\u00e9riaux chalcog\u00e9nures offrent des solutions uniques est donc extr\u00eamement vaste et touche de grands enjeux soci\u00e9taux actuels tels que le d\u00e9veloppement d\u2019acc\u00e9l\u00e9rateur photonique, de supercontinuum et de dispositifs neuromorphiques pour l\u2019intelligence artificielle, la r\u00e9cente r\u00e9volution des m\u00e9moires non volatiles 3D, le d\u00e9veloppement de batteries tout solide.<\/p>\n\n\n\n<figure class=\"wp-block-image size-full\"><img fetchpriority=\"high\" decoding=\"async\" width=\"818\" height=\"413\" src=\"https:\/\/gdrchalco.cnrs.fr\/wp-content\/uploads\/2022\/03\/thematique_01.png\" alt=\"\" class=\"wp-image-842\" srcset=\"https:\/\/gdrchalco.cnrs.fr\/wp-content\/uploads\/2022\/03\/thematique_01.png 818w, https:\/\/gdrchalco.cnrs.fr\/wp-content\/uploads\/2022\/03\/thematique_01-300x151.png 300w, https:\/\/gdrchalco.cnrs.fr\/wp-content\/uploads\/2022\/03\/thematique_01-768x388.png 768w\" sizes=\"(max-width: 818px) 100vw, 818px\" \/><\/figure>\n","protected":false},"excerpt":{"rendered":"<p>Le nombre de domaines dans lesquels les propri\u00e9t\u00e9s des mat\u00e9riaux chalcog\u00e9nures sont \u00e0 la base de solutions technologiques industrielles et \u00e9mergentes est en constante augmentation. Toutes les applications vis\u00e9es s\u2019appuient sur une recherche fondamentale exp\u00e9rimentale et th\u00e9orique d\u2019excellence cherchant \u00e0 comprendre les m\u00e9canismes physico-chimiques mis en jeu (processus \u00e9lectroniques, processus de vieillissement, processus optiques, transitions [&hellip;]<\/p>\n","protected":false},"author":3,"featured_media":0,"parent":0,"menu_order":0,"comment_status":"closed","ping_status":"closed","template":"","meta":{"footnotes":""},"class_list":["post-73","page","type-page","status-publish","hentry","entry"],"_links":{"self":[{"href":"https:\/\/gdrchalco.cnrs.fr\/index.php?rest_route=\/wp\/v2\/pages\/73","targetHints":{"allow":["GET"]}}],"collection":[{"href":"https:\/\/gdrchalco.cnrs.fr\/index.php?rest_route=\/wp\/v2\/pages"}],"about":[{"href":"https:\/\/gdrchalco.cnrs.fr\/index.php?rest_route=\/wp\/v2\/types\/page"}],"author":[{"embeddable":true,"href":"https:\/\/gdrchalco.cnrs.fr\/index.php?rest_route=\/wp\/v2\/users\/3"}],"replies":[{"embeddable":true,"href":"https:\/\/gdrchalco.cnrs.fr\/index.php?rest_route=%2Fwp%2Fv2%2Fcomments&post=73"}],"version-history":[{"count":6,"href":"https:\/\/gdrchalco.cnrs.fr\/index.php?rest_route=\/wp\/v2\/pages\/73\/revisions"}],"predecessor-version":[{"id":843,"href":"https:\/\/gdrchalco.cnrs.fr\/index.php?rest_route=\/wp\/v2\/pages\/73\/revisions\/843"}],"wp:attachment":[{"href":"https:\/\/gdrchalco.cnrs.fr\/index.php?rest_route=%2Fwp%2Fv2%2Fmedia&parent=73"}],"curies":[{"name":"wp","href":"https:\/\/api.w.org\/{rel}","templated":true}]}}