{"id":560,"date":"2022-02-17T11:00:03","date_gmt":"2022-02-17T10:00:03","guid":{"rendered":"https:\/\/gdrchalco.cnrs.fr\/?page_id=560"},"modified":"2022-03-10T14:05:58","modified_gmt":"2022-03-10T13:05:58","slug":"elementor-560","status":"publish","type":"page","link":"https:\/\/gdrchalco.cnrs.fr\/?page_id=560&lang=fr","title":{"rendered":"Axe Elaboration"},"content":{"rendered":"\t\t<div data-elementor-type=\"wp-page\" data-elementor-id=\"560\" class=\"elementor elementor-560\">\n\t\t\t\t\t\t<section class=\"elementor-section elementor-top-section elementor-element elementor-element-2f418a8 elementor-section-boxed elementor-section-height-default elementor-section-height-default\" data-id=\"2f418a8\" data-element_type=\"section\" data-e-type=\"section\">\n\t\t\t\t\t\t<div class=\"elementor-container elementor-column-gap-default\">\n\t\t\t\t\t<div class=\"elementor-column elementor-col-100 elementor-top-column elementor-element elementor-element-d37d084\" data-id=\"d37d084\" data-element_type=\"column\" data-e-type=\"column\">\n\t\t\t<div class=\"elementor-widget-wrap elementor-element-populated\">\n\t\t\t\t\t\t<div class=\"elementor-element elementor-element-e5569ba elementor-widget elementor-widget-image\" data-id=\"e5569ba\" data-element_type=\"widget\" data-e-type=\"widget\" data-widget_type=\"image.default\">\n\t\t\t\t<div class=\"elementor-widget-container\">\n\t\t\t\t\t\t\t\t\t\t\t\t<figure class=\"wp-caption\">\n\t\t\t\t\t\t\t\t\t\t<img fetchpriority=\"high\" decoding=\"async\" width=\"300\" height=\"298\" src=\"https:\/\/gdrchalco.cnrs.fr\/wp-content\/uploads\/2022\/02\/logo_elabo-300x298.png\" class=\"attachment-medium size-medium wp-image-634\" alt=\"\" srcset=\"https:\/\/gdrchalco.cnrs.fr\/wp-content\/uploads\/2022\/02\/logo_elabo-300x298.png 300w, https:\/\/gdrchalco.cnrs.fr\/wp-content\/uploads\/2022\/02\/logo_elabo-150x150.png 150w, https:\/\/gdrchalco.cnrs.fr\/wp-content\/uploads\/2022\/02\/logo_elabo.png 680w\" sizes=\"(max-width: 300px) 100vw, 300px\" \/>\t\t\t\t\t\t\t\t\t\t\t<figcaption class=\"widget-image-caption wp-caption-text\">\u00a9 CEA Phototh\u00e8que<\/figcaption>\n\t\t\t\t\t\t\t\t\t\t<\/figure>\n\t\t\t\t\t\t\t\t\t<\/div>\n\t\t\t\t<\/div>\n\t\t\t\t\t<\/div>\n\t\t<\/div>\n\t\t\t\t\t<\/div>\n\t\t<\/section>\n\t\t\t\t<section class=\"elementor-section elementor-top-section elementor-element elementor-element-1103fe3 elementor-section-boxed elementor-section-height-default elementor-section-height-default\" data-id=\"1103fe3\" data-element_type=\"section\" data-e-type=\"section\">\n\t\t\t\t\t\t<div class=\"elementor-container elementor-column-gap-default\">\n\t\t\t\t\t<div class=\"elementor-column elementor-col-100 elementor-top-column elementor-element elementor-element-d5fc131\" data-id=\"d5fc131\" data-element_type=\"column\" data-e-type=\"column\">\n\t\t\t<div class=\"elementor-widget-wrap elementor-element-populated\">\n\t\t\t\t\t\t<div class=\"elementor-element elementor-element-e9c745a elementor-widget elementor-widget-text-editor\" data-id=\"e9c745a\" data-element_type=\"widget\" data-e-type=\"widget\" data-widget_type=\"text-editor.default\">\n\t\t\t\t<div class=\"elementor-widget-container\">\n\t\t\t\t\t\t\t\t\t<p>La vari\u00e9t\u00e9 des applications utilisant des mat\u00e9riaux chalcog\u00e9nures induit de fait une grande vari\u00e9t\u00e9 des moyens de fabrication : des couches minces nanom\u00e9triques aux composants optiques \u00ab\u00a0bulk\u00a0\u00bb. Les techniques de fabrication font donc appelle \u00e0 un large panel de solutions technologiques : d\u00e9p\u00f4t CVD, croissance cristalline par epitaxie, tirage de fibre optique, etc. Les diff\u00e9rentes th\u00e9matique du GdR regroupe donc des proc\u00e9d\u00e9s tr\u00e8s diff\u00e9rents. On peut donner en exemple le d\u00e9veloppement des chalcog\u00e9nurs poru les batteries dont l\u2019\u00e9laboration par m\u00e9canosynth\u00e8se (au lieu de la trempe de verres fondus) a marqu\u00e9 un tournant dans la pr\u00e9paration de mat\u00e9riaux vitreux ou amorphes conduisant par post-traitement thermique \u00e0 des phases vitro-c\u00e9ramiques ou cristallis\u00e9es pr\u00e9sentant des propri\u00e9t\u00e9s tr\u00e8s int\u00e9ressantes, parfois diff\u00e9rentes des phases obtenues par synth\u00e8se directe \u00e0 l\u2019\u00e9tat solide. Des efforts particuliers sont actuellement men\u00e9s pour d\u00e9velopper des proc\u00e9d\u00e9s en voie liquide, \u00e0 priori plus adapt\u00e9s technologiquement et \u00e9conomiquement \u00e0 une synth\u00e8se \u00e0 une \u00e9chelle industrielle et qui pourront permettre l\u2019assemblage de batteries avec des proc\u00e9d\u00e9s identiques \u00e0 ceux des cha\u00eenes de production en s\u00e9rie de batteries en rouleaux (proc\u00e9d\u00e9 Roll-to-Roll). A l\u2019\u00e9chelle du laboratoire, le d\u00e9veloppement de mise en<br \/>forme par voie s\u00e8che, par pressage \u00e0 froid, de batteries tout-solide reste d\u2019actualit\u00e9. Dans le cadre des applications optiques\/photoniques il s&rsquo;agit de d\u00e9velopper de nouveaux moyens de synth\u00e8se, de croissance et de mise en forme tout en<br \/>perfectionnant les moyens existants avec un contr\u00f4le pr\u00e9cis des param\u00e8tres d\u2019\u00e9laboration tels la m\u00e9canosynth\u00e8se, le frittage, le moulage, le fibrage, le d\u00e9p\u00f4t de couches minces par PVD et CVD, fabrication additive et soustractive, impression 3D sans en alt\u00e9rer les propriet\u00e9s.<br \/><br \/><\/p><p>\u00a0<\/p>\t\t\t\t\t\t\t\t<\/div>\n\t\t\t\t<\/div>\n\t\t\t\t\t<\/div>\n\t\t<\/div>\n\t\t\t\t\t<\/div>\n\t\t<\/section>\n\t\t\t\t<\/div>\n\t\t","protected":false},"excerpt":{"rendered":"<p>\u00a9 CEA Phototh\u00e8que La vari\u00e9t\u00e9 des applications utilisant des mat\u00e9riaux chalcog\u00e9nures induit de fait une grande vari\u00e9t\u00e9 des moyens de fabrication : des couches minces nanom\u00e9triques aux composants optiques \u00ab\u00a0bulk\u00a0\u00bb. Les techniques de fabrication font donc appelle \u00e0 un large panel de solutions technologiques : d\u00e9p\u00f4t CVD, croissance cristalline par epitaxie, tirage de fibre optique, [&hellip;]<\/p>\n","protected":false},"author":2,"featured_media":0,"parent":0,"menu_order":0,"comment_status":"closed","ping_status":"closed","template":"","meta":{"footnotes":""},"class_list":["post-560","page","type-page","status-publish","hentry","entry"],"_links":{"self":[{"href":"https:\/\/gdrchalco.cnrs.fr\/index.php?rest_route=\/wp\/v2\/pages\/560","targetHints":{"allow":["GET"]}}],"collection":[{"href":"https:\/\/gdrchalco.cnrs.fr\/index.php?rest_route=\/wp\/v2\/pages"}],"about":[{"href":"https:\/\/gdrchalco.cnrs.fr\/index.php?rest_route=\/wp\/v2\/types\/page"}],"author":[{"embeddable":true,"href":"https:\/\/gdrchalco.cnrs.fr\/index.php?rest_route=\/wp\/v2\/users\/2"}],"replies":[{"embeddable":true,"href":"https:\/\/gdrchalco.cnrs.fr\/index.php?rest_route=%2Fwp%2Fv2%2Fcomments&post=560"}],"version-history":[{"count":21,"href":"https:\/\/gdrchalco.cnrs.fr\/index.php?rest_route=\/wp\/v2\/pages\/560\/revisions"}],"predecessor-version":[{"id":778,"href":"https:\/\/gdrchalco.cnrs.fr\/index.php?rest_route=\/wp\/v2\/pages\/560\/revisions\/778"}],"wp:attachment":[{"href":"https:\/\/gdrchalco.cnrs.fr\/index.php?rest_route=%2Fwp%2Fv2%2Fmedia&parent=560"}],"curies":[{"name":"wp","href":"https:\/\/api.w.org\/{rel}","templated":true}]}}