{"id":1471,"date":"2026-03-03T11:11:48","date_gmt":"2026-03-03T10:11:48","guid":{"rendered":"https:\/\/gdrchalco.cnrs.fr\/?page_id=1471"},"modified":"2026-03-03T13:40:56","modified_gmt":"2026-03-03T12:40:56","slug":"ecole-thematique-cnrs","status":"publish","type":"page","link":"https:\/\/gdrchalco.cnrs.fr\/?page_id=1471&lang=fr","title":{"rendered":"\u00c9cole Th\u00e9matique CNRS"},"content":{"rendered":"\t\t<div data-elementor-type=\"wp-page\" data-elementor-id=\"1471\" class=\"elementor elementor-1471\">\n\t\t\t\t\t\t<section class=\"elementor-section elementor-top-section elementor-element elementor-element-c63311f elementor-section-boxed elementor-section-height-default elementor-section-height-default\" data-id=\"c63311f\" data-element_type=\"section\" data-e-type=\"section\">\n\t\t\t\t\t\t<div class=\"elementor-container elementor-column-gap-default\">\n\t\t\t\t\t<div class=\"elementor-column elementor-col-100 elementor-top-column elementor-element elementor-element-21e7db9\" data-id=\"21e7db9\" data-element_type=\"column\" data-e-type=\"column\">\n\t\t\t<div class=\"elementor-widget-wrap elementor-element-populated\">\n\t\t\t\t\t\t<div class=\"elementor-element elementor-element-3fed7f1 elementor-widget elementor-widget-image\" data-id=\"3fed7f1\" data-element_type=\"widget\" data-e-type=\"widget\" data-widget_type=\"image.default\">\n\t\t\t\t<div class=\"elementor-widget-container\">\n\t\t\t\t\t\t\t\t\t\t\t\t\t\t\t<img fetchpriority=\"high\" decoding=\"async\" width=\"980\" height=\"160\" src=\"https:\/\/gdrchalco.cnrs.fr\/wp-content\/uploads\/2026\/03\/bandeau.png\" class=\"attachment-large size-large wp-image-1472\" alt=\"\" \/>\t\t\t\t\t\t\t\t\t\t\t\t\t\t\t<\/div>\n\t\t\t\t<\/div>\n\t\t\t\t<div class=\"elementor-element elementor-element-25450d9 elementor-widget elementor-widget-text-editor\" data-id=\"25450d9\" data-element_type=\"widget\" data-e-type=\"widget\" data-widget_type=\"text-editor.default\">\n\t\t\t\t<div class=\"elementor-widget-container\">\n\t\t\t\t\t\t\t\t\t<h3 align=\"center\">5Transition \u00e9nerg\u00e9tique et technologies frugales : <br \/>Int\u00e9r\u00eat et apport des mat\u00e9riaux chalcog\u00e9nures.<\/h3><h3 align=\"center\">Ol\u00e9ron, lundi 01 juin &#8211; vendredi 05 juin<\/h3><p>Les chalcog\u00e9nures d\u00e9signent les mat\u00e9riaux contenant les \u00e9l\u00e9ments S, Se et Te. Ils jouent un r\u00f4le central dans la transition \u00e9nerg\u00e9tique et les technologies frugales, en visant \u00e0 diversifier et r\u00e9duire la consommation d&rsquo;\u00e9nergie tout en optimisant les performances. Trois grands domaines o\u00f9 les chalcog\u00e9nures occupent une place strat\u00e9gique:<\/p><ul><li>\u00a0\u00a0\u00a0 l&rsquo;\u00e9nergie : batteries, thermo\u00e9lectricit\u00e9, photovolta\u00efque<\/li><li>\u00a0\u00a0\u00a0 photonique : capteurs environnementaux, architectures optroniques frugales.<\/li><li>\u00a0\u00a0\u00a0 l\u2019\u00e9lectronique : nouveaux concepts (spinorbitronique, m\u00e9moire neuromorphique) basse consommation.<\/li><\/ul><p>Des exemples issus de ces trois domaines structureront la formation, en suivant le parcours complet, de l\u2019\u00e9laboration des mat\u00e9riaux jusqu\u2019\u00e0 leur int\u00e9gration dans des dispositifs fonctionnels : <b>comprendre, pr\u00e9dire, fabriquer, utiliser.<\/b><\/p><p>Le programme initiale et la proc\u00e9dure d&rsquo;inscription sont disponibles sur le site : <a class=\"moz-txt-link-freetext\" href=\"https:\/\/et-chalco.sciencesconf.org\/\">https:\/\/et-chalco.sciencesconf.org\/<\/a><\/p><p>=========================================================================================<\/p><p>Droits d&rsquo;inscription couvrant l&rsquo;h\u00e9bergement et les repas :<\/p><ul><li>pour les personnels CNRS (quelque soit le statut) : inscription gratuite.<\/li><li>Doctorant.e.s \/ post-doctorant.e.s : 200 \u20ac<\/li><li>Personnels non CNRS permanents : 300 \u20ac<\/li><li>Industriels : 650 \u20ac<\/li><\/ul><p>Le nombre de place est limit\u00e9e.<\/p>\t\t\t\t\t\t\t\t<\/div>\n\t\t\t\t<\/div>\n\t\t\t\t\t<\/div>\n\t\t<\/div>\n\t\t\t\t\t<\/div>\n\t\t<\/section>\n\t\t\t\t<\/div>\n\t\t","protected":false},"excerpt":{"rendered":"<p>5Transition \u00e9nerg\u00e9tique et technologies frugales : Int\u00e9r\u00eat et apport des mat\u00e9riaux chalcog\u00e9nures. Ol\u00e9ron, lundi 01 juin &#8211; vendredi 05 juin Les chalcog\u00e9nures d\u00e9signent les mat\u00e9riaux contenant les \u00e9l\u00e9ments S, Se et Te. Ils jouent un r\u00f4le central dans la transition \u00e9nerg\u00e9tique et les technologies frugales, en visant \u00e0 diversifier et r\u00e9duire la consommation d&rsquo;\u00e9nergie tout [&hellip;]<\/p>\n","protected":false},"author":2,"featured_media":0,"parent":0,"menu_order":0,"comment_status":"closed","ping_status":"closed","template":"","meta":{"footnotes":""},"class_list":["post-1471","page","type-page","status-publish","hentry","entry"],"_links":{"self":[{"href":"https:\/\/gdrchalco.cnrs.fr\/index.php?rest_route=\/wp\/v2\/pages\/1471","targetHints":{"allow":["GET"]}}],"collection":[{"href":"https:\/\/gdrchalco.cnrs.fr\/index.php?rest_route=\/wp\/v2\/pages"}],"about":[{"href":"https:\/\/gdrchalco.cnrs.fr\/index.php?rest_route=\/wp\/v2\/types\/page"}],"author":[{"embeddable":true,"href":"https:\/\/gdrchalco.cnrs.fr\/index.php?rest_route=\/wp\/v2\/users\/2"}],"replies":[{"embeddable":true,"href":"https:\/\/gdrchalco.cnrs.fr\/index.php?rest_route=%2Fwp%2Fv2%2Fcomments&post=1471"}],"version-history":[{"count":6,"href":"https:\/\/gdrchalco.cnrs.fr\/index.php?rest_route=\/wp\/v2\/pages\/1471\/revisions"}],"predecessor-version":[{"id":1485,"href":"https:\/\/gdrchalco.cnrs.fr\/index.php?rest_route=\/wp\/v2\/pages\/1471\/revisions\/1485"}],"wp:attachment":[{"href":"https:\/\/gdrchalco.cnrs.fr\/index.php?rest_route=%2Fwp%2Fv2%2Fmedia&parent=1471"}],"curies":[{"name":"wp","href":"https:\/\/api.w.org\/{rel}","templated":true}]}}