{"id":1448,"date":"2025-03-18T14:30:45","date_gmt":"2025-03-18T13:30:45","guid":{"rendered":"https:\/\/gdrchalco.cnrs.fr\/?page_id=1448"},"modified":"2025-06-11T10:37:45","modified_gmt":"2025-06-11T08:37:45","slug":"4emes-journees-scientifiques-du-gdr-chalco","status":"publish","type":"page","link":"https:\/\/gdrchalco.cnrs.fr\/?page_id=1448&lang=fr","title":{"rendered":"4\u00e8mes Journ\u00e9es Scientifiques du GDR CHALCO"},"content":{"rendered":"\t\t<div data-elementor-type=\"wp-page\" data-elementor-id=\"1448\" class=\"elementor elementor-1448\">\n\t\t\t\t\t\t<section class=\"elementor-section elementor-top-section elementor-element elementor-element-b1cbf51 elementor-section-boxed elementor-section-height-default elementor-section-height-default\" data-id=\"b1cbf51\" data-element_type=\"section\" data-e-type=\"section\">\n\t\t\t\t\t\t<div class=\"elementor-container elementor-column-gap-default\">\n\t\t\t\t\t<div class=\"elementor-column elementor-col-100 elementor-top-column elementor-element elementor-element-8904ef2\" data-id=\"8904ef2\" data-element_type=\"column\" data-e-type=\"column\">\n\t\t\t<div class=\"elementor-widget-wrap elementor-element-populated\">\n\t\t\t\t\t\t<div class=\"elementor-element elementor-element-b41912e elementor-widget elementor-widget-image\" data-id=\"b41912e\" data-element_type=\"widget\" data-e-type=\"widget\" data-widget_type=\"image.default\">\n\t\t\t\t<div class=\"elementor-widget-container\">\n\t\t\t\t\t\t\t\t\t\t\t\t\t\t\t<img fetchpriority=\"high\" decoding=\"async\" width=\"1024\" height=\"429\" src=\"https:\/\/gdrchalco.cnrs.fr\/wp-content\/uploads\/2025\/06\/photo_groupe_1_02.jpg\" class=\"attachment-large size-large wp-image-1463\" alt=\"\" \/>\t\t\t\t\t\t\t\t\t\t\t\t\t\t\t<\/div>\n\t\t\t\t<\/div>\n\t\t\t\t\t<\/div>\n\t\t<\/div>\n\t\t\t\t\t<\/div>\n\t\t<\/section>\n\t\t\t\t<section class=\"elementor-section elementor-top-section elementor-element elementor-element-57227baf elementor-section-boxed elementor-section-height-default elementor-section-height-default\" data-id=\"57227baf\" data-element_type=\"section\" data-e-type=\"section\">\n\t\t\t\t\t\t<div class=\"elementor-container elementor-column-gap-default\">\n\t\t\t\t\t<div class=\"elementor-column elementor-col-100 elementor-top-column elementor-element elementor-element-34945448\" data-id=\"34945448\" data-element_type=\"column\" data-e-type=\"column\">\n\t\t\t<div class=\"elementor-widget-wrap elementor-element-populated\">\n\t\t\t\t\t\t<div class=\"elementor-element elementor-element-6d54ac4 elementor-widget elementor-widget-text-editor\" data-id=\"6d54ac4\" data-element_type=\"widget\" data-e-type=\"widget\" data-widget_type=\"text-editor.default\">\n\t\t\t\t<div class=\"elementor-widget-container\">\n\t\t\t\t\t\t\t\t\t\n<p><strong>Le <a href=\"https:\/\/gdrchalco.cnrs.fr\/\">GDR CHALCO<\/a> et le <a href=\"https:\/\/www.cmc2.fr\/\">Club Micro-Capteurs Chimiques (CMC2)<\/a> vous convient \u00e0 Montpellier du 3 au 5 juin 2025, le GDR Chalco pour ses 4\u00e8mes journ\u00e9es scientifiques (du 3 au 4 juin) et le Club CMC2 pour sa traditionnelle r\u00e9union de printemps (du 4 au 5 juin). A noter que l\u2019apr\u00e8s-midi du 4 juin sera l\u2019occasion de r\u00e9unir les deux communaut\u00e9s autour du th\u00e8me \u00ab\u00a0Micro-capteurs infrarouges pour l\u2019environnement\u00a0\u00bb.<\/strong><\/p>\n\n<h2 class=\"wp-block-heading\"><strong>4<sup>\u00e8mes<\/sup> Journ\u00e9es Scientifiques du GDR CHALCO (3 &#8211; 4 juin)<\/strong><\/h2>\n\n<p>Lors des journ\u00e9es scientifiques du GDR Chalco, l\u2019accent sera port\u00e9 autour du d\u00e9veloppement des concepts, des m\u00e9thodes et des enjeux en lien avec les mat\u00e9riaux chalcog\u00e9nures. Ces journ\u00e9es seront l\u2019occasion de faire le point sur les avanc\u00e9es scientifiques des groupes de recherche autour de ces diff\u00e9rents aspects tant du point de vue fondamental que technologique ou instrumental.<\/p>\n\n<p>Le principal objectif sera de favoriser les \u00e9changes entre les diff\u00e9rents acteurs nationaux du domaine autour des probl\u00e9matiques \u00e9mergentes sur ces mat\u00e9riaux et des fonctionnalit\u00e9s que l\u2019on peut en attendre.<\/p>\n\n<p>Les journ\u00e9es seront ponctu\u00e9es par des expos\u00e9s sollicit\u00e9s et invit\u00e9s s\u00e9lectionn\u00e9s par le comit\u00e9 scientifique du GDR sur les enjeux actuels pour les 4 axes th\u00e9matiques du GDR :<\/p>\n\n<ul class=\"wp-block-list\">\n<li>Applications m\u00e9moire et neuromorphique<\/li>\n\n<li>Applications optique\/photonique<\/li>\n\n<li>Applications \u00e9nergie<\/li>\n\n<li>Applications spin-(orbi)tronique<\/li>\n<\/ul>\n\n<h2 class=\"wp-block-heading\"><strong>R\u00e9union de printemps CMC2 (4 &#8211; 5 juin)<\/strong><\/h2>\n\n<p>Le sujet central de la r\u00e9union de printemps du Club CMC2 portera sur les Micro-capteurs pour l\u2019environnement, avec un focus sur les Micro-capteurs Infrarouges l\u2019apr\u00e8s-midi du 4 juin, conjoint aux journ\u00e9es scientifiques du GDR Chalco.<\/p>\n\n<p>Cette r\u00e9union sera l\u2019occasion de favoriser les \u00e9changes entre partenaires acad\u00e9miques, organismes de recherches et industriels travaillant dans le domaine de la recherche et\/ou du d\u00e9veloppement des micro-capteurs pour la m\u00e9trologie de l\u2019environnement.<\/p>\n\n<h2 class=\"wp-block-heading\"><strong>____________________________________________________<\/strong><\/h2>\n\n<p>Les journ\u00e9es seront ponctu\u00e9es par des expos\u00e9s sollicit\u00e9s et invit\u00e9s s\u00e9lectionn\u00e9s par le comit\u00e9 scientifique du GDR et le bureau du Club CMC2.<\/p>\n\n<p>Au-del\u00e0 de ces expos\u00e9s, cette rencontre permettra \u00e0 chacun de soumettre sa derni\u00e8re contribution, finalis\u00e9e ou en cours, avec une attention particuli\u00e8re donn\u00e9e aux travaux des doctorant.e.s.<\/p>\n\n<p>Les contributions seront pr\u00e9sent\u00e9es sous forme de communication orale ou par affiche. Des sessions posters auront lieu lors des pauses caf\u00e9 et d\u00e9jeuner, permettant des \u00e9changes informels. L\u2019inscription aux journ\u00e9es scientifiques du GDR Chalco est gratuite, celle \u00e0 la r\u00e9union de printemps du Club CMC2 est gratuite pour tous les adh\u00e9rents au Club. Elle inclut les repas du midi ainsi<strong> que l<\/strong><strong>e diner du 4 juin qui sera partag\u00e9 par les deux communaut\u00e9s.<\/strong><\/p>\n\n<p><strong>Invit\u00e9.e.s GDR CHALCO :<\/strong><\/p>\n\n<ul class=\"wp-block-list\">\n<li><strong>Julien Lumeau <\/strong>(Institut Fresnel, Marseille) : \u00ab D\u00e9veloppement de structures colorim\u00e9triques \u00e0 base de mat\u00e9riaux \u00e0 changement de phase \u00bb<\/li>\n\n<li><strong>Fr\u00e9d\u00e9ric Bonell<\/strong> (CEA\/SPINTEC, Grenoble) : \u00ab Epitaxial van der Waals materials for magnetism and spin-charge conversion \u00bb<\/li>\n\n<li><strong>Christophe Candolfi <\/strong>(IJL, Nancy) : \u00ab Engineering the electronic band structure of chalcogenide semiconductors for high thermoelectric performance \u00bb<\/li>\n\n<li><strong>Virginie Viallet<\/strong> (LCRS, Amiens) : \u00a0\u00ab Advances and prospects of chalcogenides for energy storage devices \u00bb<\/li>\n\n<li><strong>Marc Dussauze<\/strong> (ISM, Bordeaux):\u00a0\u00a0\u00ab Structurations multifonctionnelles de verres chalcog\u00e9nures par polarisation thermo\u00e9lectrique et chimie de surface \u00bb<\/li>\n\n<li><strong>Sotirios Fragkos<\/strong> (CELIA, Bordeaux) : \u00ab Time- and angle-resolved photoemission spectroscopy of quantum materials \u00bb<\/li>\n\n<li><strong>Houria Kabbour<\/strong> (IMN, Nantes) tba<\/li>\n\n<li><strong>Nicolas Bernier <\/strong>(LETI\/SMCP, Grenoble) : \u00ab Cartographie chimique \u00e0 l&rsquo;\u00e9chelle atomique par STEM\/HAADF \u00bb<\/li>\n\n<li><strong>Francesco d\u2019Acapito<\/strong> (IOM OOG c\/o ESRF, Grenoble) : \u00ab Local structure in chalcogenide materials studied by X-ray Absorption Spectroscopy. \u00bb<\/li>\n\n<li><strong>Eric Gautron<\/strong> (IMN, Nantes) : \u00ab Apport de la microscopie \u00e9lectronique en transmission \u00e0 l&rsquo;analyse structurale des cellules solaires \u00e0 base de sulfure et de s\u00e9l\u00e9niure de Cu, In et Ga. \u00bb<\/li>\n\n<li><strong>Benoit Charbonnier<\/strong> (LETI\/DOPT, Grenoble) : \u00ab Calculateur Stochastique \u00e0 base de mat\u00e9riaux PCM \u00bb<\/li>\n\n<li><strong>Jean-Fran\u00e7ois Robillard <\/strong>(IEMN, Villeneuve-d&rsquo;Ascq ) : \u00ab Thermal characterization of Ge-rich GST thin films for phase change memories \u00bb<\/li>\n<\/ul>\n\n<p><strong>Invit\u00e9.e.s Club CMC2 (liste \u00e0 compl\u00e9ter) :<\/strong><\/p>\n\n<ul class=\"wp-block-list\">\n<li><strong>Jo\u00ebl Charrier <\/strong>(Institut Foton, Lannion)\u00a0: \u00ab\u00a0D\u00e9veloppement de capteurs spectroscopiques en optique int\u00e9gr\u00e9e dans le moyen infrarouge\u00a0\u00bb<\/li>\n\n<li><strong>Aurore Vicet<\/strong> (IES, Montpellier)\u00a0: \u00ab\u00a0Spectroscopie laser photoacoustique pour le diagnostic dans l&rsquo;air exhal\u00e9 et la d\u00e9tection de polluants atmosph\u00e9riques\u00a0\u00bb<\/li>\n\n<li><strong>Fr\u00e9d\u00e9ric Smektala <\/strong>(ICB, Dijon)<strong>\u00a0<\/strong>: \u00ab Chalcogenide fibers for infrared supercontinuum and sensing \u00bb<\/li>\n\n<li><strong>Ryad Bendoula <\/strong>(ITAP-INRAE, Montpellier)<strong>\u00a0<\/strong>: \u00ab\u00a0Capteurs et micro-capteurs optiques pour l\u2019agriculture num\u00e9rique\u00a0\u00bb<\/li>\n<\/ul>\n\n<p><strong>Comit\u00e9 local d&rsquo;organisation : <\/strong><strong>Andrea Piarristeguy (GDR Chalco) \/ Caroline Vigreux (Club CMC2), Pascale Armand, Laurence Courtheoux, Gilles Silly, Rapha\u00ebl Escalier, Micka\u00ebl Bigot, Sofien Saidani, Ali Houssein Aldrouby, Martin Khouri, Laure Walczak, Romane Henry-Bauer, Sirine Boulos<\/strong><\/p>\n\t\t\t\t\t\t\t\t<\/div>\n\t\t\t\t<\/div>\n\t\t\t\t\t<\/div>\n\t\t<\/div>\n\t\t\t\t\t<\/div>\n\t\t<\/section>\n\t\t\t\t<\/div>\n\t\t","protected":false},"excerpt":{"rendered":"<p>Le GDR CHALCO et le Club Micro-Capteurs Chimiques (CMC2) vous convient \u00e0 Montpellier du 3 au 5 juin 2025, le GDR Chalco pour ses 4\u00e8mes journ\u00e9es scientifiques (du 3 au 4 juin) et le Club CMC2 pour sa traditionnelle r\u00e9union de printemps (du 4 au 5 juin). A noter que l\u2019apr\u00e8s-midi du 4 juin sera [&hellip;]<\/p>\n","protected":false},"author":2,"featured_media":0,"parent":0,"menu_order":0,"comment_status":"closed","ping_status":"closed","template":"","meta":{"footnotes":""},"class_list":["post-1448","page","type-page","status-publish","hentry","entry"],"_links":{"self":[{"href":"https:\/\/gdrchalco.cnrs.fr\/index.php?rest_route=\/wp\/v2\/pages\/1448","targetHints":{"allow":["GET"]}}],"collection":[{"href":"https:\/\/gdrchalco.cnrs.fr\/index.php?rest_route=\/wp\/v2\/pages"}],"about":[{"href":"https:\/\/gdrchalco.cnrs.fr\/index.php?rest_route=\/wp\/v2\/types\/page"}],"author":[{"embeddable":true,"href":"https:\/\/gdrchalco.cnrs.fr\/index.php?rest_route=\/wp\/v2\/users\/2"}],"replies":[{"embeddable":true,"href":"https:\/\/gdrchalco.cnrs.fr\/index.php?rest_route=%2Fwp%2Fv2%2Fcomments&post=1448"}],"version-history":[{"count":9,"href":"https:\/\/gdrchalco.cnrs.fr\/index.php?rest_route=\/wp\/v2\/pages\/1448\/revisions"}],"predecessor-version":[{"id":1469,"href":"https:\/\/gdrchalco.cnrs.fr\/index.php?rest_route=\/wp\/v2\/pages\/1448\/revisions\/1469"}],"wp:attachment":[{"href":"https:\/\/gdrchalco.cnrs.fr\/index.php?rest_route=%2Fwp%2Fv2%2Fmedia&parent=1448"}],"curies":[{"name":"wp","href":"https:\/\/api.w.org\/{rel}","templated":true}]}}