{"id":1355,"date":"2024-02-01T13:38:02","date_gmt":"2024-02-01T12:38:02","guid":{"rendered":"https:\/\/gdrchalco.cnrs.fr\/?page_id=1355"},"modified":"2024-05-17T11:22:29","modified_gmt":"2024-05-17T09:22:29","slug":"3iemes-journees-scientifiques-du-gdr-rennes-2024","status":"publish","type":"page","link":"https:\/\/gdrchalco.cnrs.fr\/?page_id=1355&lang=fr","title":{"rendered":"3i\u00e8mes Journ\u00e9es Scientifiques du GDR \u2013 Rennes 2024"},"content":{"rendered":"\t\t<div data-elementor-type=\"wp-page\" data-elementor-id=\"1355\" class=\"elementor elementor-1355\">\n\t\t\t\t\t\t<section class=\"elementor-section elementor-top-section elementor-element elementor-element-68cb0b3 elementor-section-boxed elementor-section-height-default elementor-section-height-default\" data-id=\"68cb0b3\" data-element_type=\"section\" data-e-type=\"section\">\n\t\t\t\t\t\t<div class=\"elementor-container elementor-column-gap-default\">\n\t\t\t\t\t<div class=\"elementor-column elementor-col-100 elementor-top-column elementor-element elementor-element-357fcb9\" data-id=\"357fcb9\" data-element_type=\"column\" data-e-type=\"column\">\n\t\t\t<div class=\"elementor-widget-wrap elementor-element-populated\">\n\t\t\t\t\t\t<div class=\"elementor-element elementor-element-1913e53 elementor-widget elementor-widget-text-editor\" data-id=\"1913e53\" data-element_type=\"widget\" data-e-type=\"widget\" data-widget_type=\"text-editor.default\">\n\t\t\t\t<div class=\"elementor-widget-container\">\n\t\t\t\t\t\t\t\t\t<p>Les 3\u00e8mes Journ\u00e9es Scientifiques du GDR CHALCO auront lieu au P\u00f4le num\u00e9rique Rennes Beaulieu (PNRB) les 30 et 31 mai 2024.<\/p><p>Toutes les informations et les inscritpions sont diponibles sur le site de la conf\u00e9rence :<a href=\"https:\/\/jschalco.sciencesconf.org\"> https:\/\/jschalco.sciencesconf.org<\/a><\/p><p>Comit\u00e9 local d&rsquo;organisation : Nicolas Barreau (IMN, Universit\u00e9 de Nantes), Catherine Boussard-Pledel (ISCR, Universit\u00e9 de Rennes), Joel Charrier (I. FOTON, Universit\u00e9 de Rennes), Virginie Nazabal (ISCR, Universit\u00e9 de Rennes), Louisiane Verger (ISCR, Universit\u00e9 de Rennes) et les membres de l&rsquo;\u00e9quipe Verres et C\u00e9ramiques de l&rsquo;ISCR, Universit\u00e9 de Rennes<\/p>\t\t\t\t\t\t\t\t<\/div>\n\t\t\t\t<\/div>\n\t\t\t\t\t<\/div>\n\t\t<\/div>\n\t\t\t\t\t<\/div>\n\t\t<\/section>\n\t\t\t\t<section class=\"elementor-section elementor-top-section elementor-element elementor-element-6cbe188 elementor-section-boxed elementor-section-height-default elementor-section-height-default\" data-id=\"6cbe188\" data-element_type=\"section\" data-e-type=\"section\">\n\t\t\t\t\t\t<div class=\"elementor-container elementor-column-gap-default\">\n\t\t\t\t\t<div class=\"elementor-column elementor-col-100 elementor-top-column elementor-element elementor-element-ff433fb\" data-id=\"ff433fb\" data-element_type=\"column\" data-e-type=\"column\">\n\t\t\t<div class=\"elementor-widget-wrap elementor-element-populated\">\n\t\t\t\t\t\t<section class=\"elementor-section elementor-inner-section elementor-element elementor-element-28c8af0 elementor-section-boxed elementor-section-height-default elementor-section-height-default\" data-id=\"28c8af0\" data-element_type=\"section\" data-e-type=\"section\">\n\t\t\t\t\t\t<div class=\"elementor-container elementor-column-gap-default\">\n\t\t\t\t\t<div class=\"elementor-column elementor-col-50 elementor-inner-column elementor-element elementor-element-7f51774\" data-id=\"7f51774\" data-element_type=\"column\" data-e-type=\"column\">\n\t\t\t<div class=\"elementor-widget-wrap elementor-element-populated\">\n\t\t\t\t\t\t<div class=\"elementor-element elementor-element-fae31df elementor-widget elementor-widget-image\" data-id=\"fae31df\" data-element_type=\"widget\" data-e-type=\"widget\" data-widget_type=\"image.default\">\n\t\t\t\t<div class=\"elementor-widget-container\">\n\t\t\t\t\t\t\t\t\t\t\t\t\t\t\t<img fetchpriority=\"high\" decoding=\"async\" width=\"500\" height=\"418\" src=\"https:\/\/gdrchalco.cnrs.fr\/wp-content\/uploads\/2024\/02\/hall.jpg\" class=\"attachment-large size-large wp-image-1360\" alt=\"\" srcset=\"https:\/\/gdrchalco.cnrs.fr\/wp-content\/uploads\/2024\/02\/hall.jpg 500w, https:\/\/gdrchalco.cnrs.fr\/wp-content\/uploads\/2024\/02\/hall-300x251.jpg 300w\" sizes=\"(max-width: 500px) 100vw, 500px\" \/>\t\t\t\t\t\t\t\t\t\t\t\t\t\t\t<\/div>\n\t\t\t\t<\/div>\n\t\t\t\t\t<\/div>\n\t\t<\/div>\n\t\t\t\t<div class=\"elementor-column elementor-col-50 elementor-inner-column elementor-element elementor-element-a5a88ea\" data-id=\"a5a88ea\" data-element_type=\"column\" data-e-type=\"column\">\n\t\t\t<div class=\"elementor-widget-wrap elementor-element-populated\">\n\t\t\t\t\t\t<div class=\"elementor-element elementor-element-3e0588a elementor-widget elementor-widget-image\" data-id=\"3e0588a\" data-element_type=\"widget\" data-e-type=\"widget\" data-widget_type=\"image.default\">\n\t\t\t\t<div class=\"elementor-widget-container\">\n\t\t\t\t\t\t\t\t\t\t\t\t\t\t\t<img decoding=\"async\" width=\"500\" height=\"331\" src=\"https:\/\/gdrchalco.cnrs.fr\/wp-content\/uploads\/2024\/02\/ta_pnrv.jpg\" class=\"attachment-large size-large wp-image-1358\" alt=\"\" srcset=\"https:\/\/gdrchalco.cnrs.fr\/wp-content\/uploads\/2024\/02\/ta_pnrv.jpg 500w, https:\/\/gdrchalco.cnrs.fr\/wp-content\/uploads\/2024\/02\/ta_pnrv-300x199.jpg 300w\" sizes=\"(max-width: 500px) 100vw, 500px\" \/>\t\t\t\t\t\t\t\t\t\t\t\t\t\t\t<\/div>\n\t\t\t\t<\/div>\n\t\t\t\t\t<\/div>\n\t\t<\/div>\n\t\t\t\t\t<\/div>\n\t\t<\/section>\n\t\t\t\t\t<\/div>\n\t\t<\/div>\n\t\t\t\t\t<\/div>\n\t\t<\/section>\n\t\t\t\t<section class=\"elementor-section elementor-top-section elementor-element elementor-element-7342543 elementor-section-boxed elementor-section-height-default elementor-section-height-default\" data-id=\"7342543\" data-element_type=\"section\" data-e-type=\"section\">\n\t\t\t\t\t\t<div class=\"elementor-container elementor-column-gap-default\">\n\t\t\t\t\t<div class=\"elementor-column elementor-col-100 elementor-top-column elementor-element elementor-element-ebea0fc\" data-id=\"ebea0fc\" data-element_type=\"column\" data-e-type=\"column\">\n\t\t\t<div class=\"elementor-widget-wrap elementor-element-populated\">\n\t\t\t\t\t\t<div class=\"elementor-element elementor-element-de081bf elementor-widget elementor-widget-text-editor\" data-id=\"de081bf\" data-element_type=\"widget\" data-e-type=\"widget\" data-widget_type=\"text-editor.default\">\n\t\t\t\t<div class=\"elementor-widget-container\">\n\t\t\t\t\t\t\t\t\t<p>Les r\u00e9sum\u00e9s des diff\u00e9rentes contributions sont disponibles via ce lien :<a href=\"https:\/\/gdrchalco.cnrs.fr\/wp-content\/uploads\/2024\/05\/Resumes_Workshop_JS.pdf\"> livret des r\u00e9sum\u00e9s<\/a>.<\/p><h3>Programme :<\/h3><h3>Jeudi 30 mai<\/h3><h3>Session 1 (Chair : J. Troles <em>tbc<\/em>)<\/h3><p>09h30 &#8211; 09h40 CoPil GDR CHALCO<\/p><p>Introduction.<\/p><p><strong>09h10 &#8211; 09h40<\/strong><b> S\u00e9bastien F\u00e9vrier, Universit\u00e9 de Limoges\/ XLIM<\/b> <strong>: \u00ab\u00a0<\/strong>Sources lasers moyen-infrarouges fond\u00e9es sur des fibres en verres de chalcog\u00e9nures et application \u00e0 la spectroscopie du m\u00e9thane.\u00a0\u00bb<\/p><p><strong>09h40 &#8211; 10h00\u00a0 Esteban Serrano, Laboratoire Interdisciplinaire Carnot de Bourgogne : \u00ab\u00a0<\/strong>Combinaison de fibres optiques effil\u00e9es en verre de chalcog\u00e9nure pour la g\u00e9n\u00e9ration de supercontinuum et la spectroscopie d&rsquo;absorption dans l&rsquo;infrarouge moyen .\u00a0\u00bb<\/p><p><strong>10h00 &#8211; 10h20 Mariel Ledesma, Institut des Sciences Chimiques de Rennes : \u00ab\u00a0<\/strong>Chalcogenide Glass Fibers for MIR Laser Applications \u00ab\u00a0<\/p><p><strong>10h20 &#8211; 10h40 Fr\u00e9d\u00e9ric Desevedavy, Laboratoire Interdisciplinaire Carnot de Bourgogne : \u00ab\u00a0<\/strong>Fibre en verre de chalcog\u00e9nure bio-fonctionnalis\u00e9e en tant que capteur moyen infrarouge : suivi cin\u00e9tique de l&rsquo;interaction streptavidine-biotine.\u00a0\u00bb<\/p><p><strong>Pause caf\u00e9<\/strong><\/p><h3>Session 2 (chair : T. Lemercier <em>tbc<\/em> )<\/h3><p><strong>11h25 &#8211; 12h55 Houria Kabbour, Institut des Mat\u00e9riaux de Nantes Rouxel\u00a0 : \u00ab\u00a0<\/strong>Designing new photoactive compounds from mixed anion \u00ab\u00a0<\/p><p><strong>11h55 &#8211; 12h15 Guillaume Gouget, Institut des Sciences Chimiques de Rennes : <\/strong>\u00ab\u00a0Rare earth-based semiconducting nanocrystalline colloids.\u00a0\u00bb<\/p><p><strong>12h15 &#8211; 12h35 Laprais Capucine, INL &#8211; Ing\u00e9nierie et conversion de lumi\u00e8re (i-Lum): \u00ab\u00a0<\/strong>Electrical control of PCM crystallinity for reconfigurable nanophotonics\u00a0\u00bb<\/p><p><strong>12h35 &#8211; 12h55 Taghrid Ghanawi, Institut des Sciences Chimiques de Rennes: \u00ab\u00a0<\/strong> Praseodymium-doped Ge20In5Sb10Se65 films based on argon plasma co-sputtering for infrared-luminescent integrated photonic circuits. \u00ab\u00a0<\/p><p><strong>Pause d\u00e9jeuner<\/strong><\/p><h3>Session 3 (chair : F. D\u00e9s\u00e9v\u00e9davy <em>tbc<\/em>)<\/h3><p><strong>13h45 &#8211; 14h15\u00a0&#8211; Fr\u00e9d\u00e9ric Charpentier, Umicore IR Glass . : \u00ab\u00a0<\/strong>Umicore IR Glass : une passerelle entre acad\u00e9mie et industrie pour l&rsquo;innovation.\u00a0\u00bb<\/p><p><strong>14h15<\/strong><strong> &#8211; 14h35 Thien Le Phu, Laboratoire de Physico-Chimie de l&rsquo;Atmosph\u00e8re : \u00ab\u00a0<\/strong>Direct laser writing of gradient refractive index micro-lens in chalcogenide glass.\u00a0\u00bb<\/p><p><strong>14h35 &#8211; 15h05 Eric Furet, Univ. Rennes :<\/strong> \u00ab\u00a0Application de la dynamique mol\u00e9culaire \u00e0 la rationalisation de verres de chalcog\u00e9nures\u00a0\u00bb<\/p><p><strong>Pause caf\u00e9<\/strong><\/p><h3>Session 4 (chair : J. B. Dory)<\/h3><p><strong>15h50 &#8211; 16h20 &#8211; Geoffroy Kremer, Institut Jean Lamour : Mat\u00e9riaux &#8211; M\u00e9tallurgie &#8211; Nanosciences &#8211; Plasma &#8211; Surfaces : <\/strong>\u00ab\u00a0Propri\u00e9t\u00e9s \u00e9lectroniques \u00e0 l&rsquo;\u00e9quilibre et hors-\u00e9quilibre du \u03b1-GeTe(111), un semiconducteur ferro\u00e9lectrique \u00e0 fort couplage Rashba.\u00a0\u00bb<\/p><p><strong>15h50 &#8211; 16h50 Jean-Christophe Le Breton, Institut de Physique de Rennes : <\/strong>\u00ab\u00a0Transport properties of monolayer MoS2 Functionalized with electro-active molecules.\u00a0\u00bb<\/p><p><strong>16h50 &#8211; 17h10 &#8211; Jules Lagrave, CEA-Leti, D\u00e9partement Plate-Forme Technologique : <\/strong>\u00ab\u00a0Croissance van der Waals de couches minces de mat\u00e9riaux chalcog\u00e9nures pour l&rsquo;\u00e9lectronique frugale.\u00a0\u00bb<\/p><p>17h10 &#8211; 19h00 Session poster<\/p><h3>Vendredi 31 mai<\/h3><h3>Session 5 (chair : J.Y. Raty)<\/h3><p><strong>08h30 &#8211; 09h00 Simon Kimber, Laboratoire Interdisciplinaire Carnot de Bourgogne : <\/strong>\u00ab\u00a0Dynamic crystallography reveals spontaneous anisotropy in cubic GeTe. \u00ab\u00a0<\/p><p><strong>09h00 &#8211; 09h20 Juliette Lizion, Institut de Recherche Interdisciplinaire de Grenoble, Institut Charles Gerhardt Montpellier &#8211; Institut de Chimie Mol\u00e9culaire et des Mat\u00e9riaux de Montpellier : <\/strong>\u00ab\u00a0Exploration de l&rsquo;impact des lacunes de Ge dans le binaire Ge-Te par RMN du 125Te et DFT.\u00a0\u00bb<\/p><p><strong>09h20 &#8211; 09h40 S\u00e9bastien Duguay, Groupe de physique des mat\u00e9riaux : <\/strong>\u00ab\u00a0\u00c9tude des cellules CIGS par sonde atomique tomographique : avantages, limites et perspectives.\u00a0\u00bb<\/p><p><strong>Pause caf\u00e9<\/strong><\/p><h3>Session 6 (Chair : F. Hippert)<\/h3><p><strong>10h35 &#8211; 11h05 Jean-Yves Raty, FRS-FNRS and Q-Mat, University of Li\u00e8ge : \u00ab\u00a0<\/strong>Liaison chimique &lsquo;incompl\u00e8te&rsquo; dans les chalcog\u00e9nures : implications pour les mat\u00e9riaux \u00e0 changement de phase, thermo\u00e9lectriques et photovolta\u00efques.\u00a0\u00bb<\/p><p><strong>11h05 &#8211; 11h35 Thomas Stephant, Institut des Sciences Chimiques de Rennes : <\/strong>\u00ab\u00a0Influence of the crystal structure and nature of the ligands on the valence of uranium in chalcogenides compounds.\u00a0\u00bb<\/p><p><strong>11h35 &#8211; 12h05 Pierre Meilleur, CEA-Leti D\u00e9partement Plate-Forme Technologique, STMicroelectronics [Crolles] : \u00ab\u00a0<\/strong>Nouveaux mat\u00e9riaux chalcog\u00e9nures pour les m\u00e9moires \u00e0 changement de phase embarqu\u00e9es.\u00a0\u00bb<\/p><p>Designing new photoactive compounds from mixed anion &#8211; Houria<br \/>Kabbour, IMN, Nantes)<\/p>\t\t\t\t\t\t\t\t<\/div>\n\t\t\t\t<\/div>\n\t\t\t\t\t<\/div>\n\t\t<\/div>\n\t\t\t\t\t<\/div>\n\t\t<\/section>\n\t\t\t\t<section class=\"elementor-section elementor-top-section elementor-element elementor-element-4bbf471 elementor-section-boxed elementor-section-height-default elementor-section-height-default\" data-id=\"4bbf471\" data-element_type=\"section\" data-e-type=\"section\">\n\t\t\t\t\t\t<div class=\"elementor-container elementor-column-gap-default\">\n\t\t\t\t\t<div class=\"elementor-column elementor-col-100 elementor-top-column elementor-element elementor-element-243e51b\" data-id=\"243e51b\" data-element_type=\"column\" data-e-type=\"column\">\n\t\t\t<div class=\"elementor-widget-wrap elementor-element-populated\">\n\t\t\t\t\t\t<div class=\"elementor-element elementor-element-840b611 elementor-widget elementor-widget-text-editor\" data-id=\"840b611\" data-element_type=\"widget\" data-e-type=\"widget\" data-widget_type=\"text-editor.default\">\n\t\t\t\t<div class=\"elementor-widget-container\">\n\t\t\t\t\t\t\t\t\t<h3>Sponsors : <\/h3>\t\t\t\t\t\t\t\t<\/div>\n\t\t\t\t<\/div>\n\t\t\t\t\t<\/div>\n\t\t<\/div>\n\t\t\t\t\t<\/div>\n\t\t<\/section>\n\t\t\t\t<section class=\"elementor-section elementor-top-section elementor-element elementor-element-275f078 elementor-section-boxed elementor-section-height-default elementor-section-height-default\" data-id=\"275f078\" data-element_type=\"section\" data-e-type=\"section\">\n\t\t\t\t\t\t<div class=\"elementor-container elementor-column-gap-default\">\n\t\t\t\t\t<div class=\"elementor-column elementor-col-33 elementor-top-column elementor-element elementor-element-daff958\" data-id=\"daff958\" data-element_type=\"column\" data-e-type=\"column\">\n\t\t\t<div class=\"elementor-widget-wrap elementor-element-populated\">\n\t\t\t\t\t\t<div class=\"elementor-element elementor-element-4b3219b elementor-widget elementor-widget-image\" data-id=\"4b3219b\" data-element_type=\"widget\" data-e-type=\"widget\" data-widget_type=\"image.default\">\n\t\t\t\t<div class=\"elementor-widget-container\">\n\t\t\t\t\t\t\t\t\t\t\t\t\t\t\t<img decoding=\"async\" width=\"142\" height=\"65\" src=\"https:\/\/gdrchalco.cnrs.fr\/wp-content\/uploads\/2024\/05\/ISCR_web_transp-1.png\" class=\"attachment-large size-large wp-image-1419\" alt=\"\" \/>\t\t\t\t\t\t\t\t\t\t\t\t\t\t\t<\/div>\n\t\t\t\t<\/div>\n\t\t\t\t\t<\/div>\n\t\t<\/div>\n\t\t\t\t<div class=\"elementor-column elementor-col-33 elementor-top-column elementor-element elementor-element-25ede84\" data-id=\"25ede84\" data-element_type=\"column\" data-e-type=\"column\">\n\t\t\t<div class=\"elementor-widget-wrap elementor-element-populated\">\n\t\t\t\t\t\t<div class=\"elementor-element elementor-element-e526365 elementor-widget elementor-widget-image\" data-id=\"e526365\" data-element_type=\"widget\" data-e-type=\"widget\" data-widget_type=\"image.default\">\n\t\t\t\t<div class=\"elementor-widget-container\">\n\t\t\t\t\t\t\t\t\t\t\t\t\t\t\t<img loading=\"lazy\" decoding=\"async\" width=\"211\" height=\"92\" src=\"https:\/\/gdrchalco.cnrs.fr\/wp-content\/uploads\/2024\/05\/Leti-mention-droite-1.jpg\" class=\"attachment-large size-large wp-image-1420\" alt=\"\" \/>\t\t\t\t\t\t\t\t\t\t\t\t\t\t\t<\/div>\n\t\t\t\t<\/div>\n\t\t\t\t\t<\/div>\n\t\t<\/div>\n\t\t\t\t<div class=\"elementor-column elementor-col-33 elementor-top-column elementor-element elementor-element-33bd8f6\" data-id=\"33bd8f6\" data-element_type=\"column\" data-e-type=\"column\">\n\t\t\t<div class=\"elementor-widget-wrap elementor-element-populated\">\n\t\t\t\t\t\t<div class=\"elementor-element elementor-element-724d0df elementor-widget elementor-widget-image\" data-id=\"724d0df\" data-element_type=\"widget\" data-e-type=\"widget\" data-widget_type=\"image.default\">\n\t\t\t\t<div class=\"elementor-widget-container\">\n\t\t\t\t\t\t\t\t\t\t\t\t\t\t\t<img loading=\"lazy\" decoding=\"async\" width=\"798\" height=\"418\" src=\"https:\/\/gdrchalco.cnrs.fr\/wp-content\/uploads\/2024\/05\/Umicore_Logo.png\" class=\"attachment-large size-large wp-image-1422\" alt=\"\" srcset=\"https:\/\/gdrchalco.cnrs.fr\/wp-content\/uploads\/2024\/05\/Umicore_Logo.png 798w, https:\/\/gdrchalco.cnrs.fr\/wp-content\/uploads\/2024\/05\/Umicore_Logo-300x157.png 300w, https:\/\/gdrchalco.cnrs.fr\/wp-content\/uploads\/2024\/05\/Umicore_Logo-768x402.png 768w\" sizes=\"(max-width: 798px) 100vw, 798px\" \/>\t\t\t\t\t\t\t\t\t\t\t\t\t\t\t<\/div>\n\t\t\t\t<\/div>\n\t\t\t\t\t<\/div>\n\t\t<\/div>\n\t\t\t\t\t<\/div>\n\t\t<\/section>\n\t\t\t\t<\/div>\n\t\t","protected":false},"excerpt":{"rendered":"<p>Les 3\u00e8mes Journ\u00e9es Scientifiques du GDR CHALCO auront lieu au P\u00f4le num\u00e9rique Rennes Beaulieu (PNRB) les 30 et 31 mai 2024. Toutes les informations et les inscritpions sont diponibles sur le site de la conf\u00e9rence : https:\/\/jschalco.sciencesconf.org Comit\u00e9 local d&rsquo;organisation : Nicolas Barreau (IMN, Universit\u00e9 de Nantes), Catherine Boussard-Pledel (ISCR, Universit\u00e9 de Rennes), Joel Charrier [&hellip;]<\/p>\n","protected":false},"author":2,"featured_media":0,"parent":0,"menu_order":0,"comment_status":"closed","ping_status":"closed","template":"","meta":{"footnotes":""},"class_list":["post-1355","page","type-page","status-publish","hentry","entry"],"_links":{"self":[{"href":"https:\/\/gdrchalco.cnrs.fr\/index.php?rest_route=\/wp\/v2\/pages\/1355","targetHints":{"allow":["GET"]}}],"collection":[{"href":"https:\/\/gdrchalco.cnrs.fr\/index.php?rest_route=\/wp\/v2\/pages"}],"about":[{"href":"https:\/\/gdrchalco.cnrs.fr\/index.php?rest_route=\/wp\/v2\/types\/page"}],"author":[{"embeddable":true,"href":"https:\/\/gdrchalco.cnrs.fr\/index.php?rest_route=\/wp\/v2\/users\/2"}],"replies":[{"embeddable":true,"href":"https:\/\/gdrchalco.cnrs.fr\/index.php?rest_route=%2Fwp%2Fv2%2Fcomments&post=1355"}],"version-history":[{"count":38,"href":"https:\/\/gdrchalco.cnrs.fr\/index.php?rest_route=\/wp\/v2\/pages\/1355\/revisions"}],"predecessor-version":[{"id":1443,"href":"https:\/\/gdrchalco.cnrs.fr\/index.php?rest_route=\/wp\/v2\/pages\/1355\/revisions\/1443"}],"wp:attachment":[{"href":"https:\/\/gdrchalco.cnrs.fr\/index.php?rest_route=%2Fwp%2Fv2%2Fmedia&parent=1355"}],"curies":[{"name":"wp","href":"https:\/\/api.w.org\/{rel}","templated":true}]}}