{"id":1220,"date":"2023-09-28T12:40:18","date_gmt":"2023-09-28T10:40:18","guid":{"rendered":"https:\/\/gdrchalco.cnrs.fr\/?page_id=1220"},"modified":"2023-09-29T14:24:39","modified_gmt":"2023-09-29T12:24:39","slug":"elementor-1220","status":"publish","type":"page","link":"https:\/\/gdrchalco.cnrs.fr\/?page_id=1220&lang=fr","title":{"rendered":"CHALCO-GRENOBLE 2023"},"content":{"rendered":"\t\t<div data-elementor-type=\"wp-page\" data-elementor-id=\"1220\" class=\"elementor elementor-1220\">\n\t\t\t\t\t\t<section class=\"elementor-section elementor-top-section elementor-element elementor-element-686c2f8 elementor-section-boxed elementor-section-height-default elementor-section-height-default\" data-id=\"686c2f8\" data-element_type=\"section\" data-e-type=\"section\">\n\t\t\t\t\t\t<div class=\"elementor-container elementor-column-gap-default\">\n\t\t\t\t\t<div class=\"elementor-column elementor-col-100 elementor-top-column elementor-element elementor-element-5b201fb\" data-id=\"5b201fb\" data-element_type=\"column\" data-e-type=\"column\">\n\t\t\t<div class=\"elementor-widget-wrap elementor-element-populated\">\n\t\t\t\t\t\t<div class=\"elementor-element elementor-element-7a90b7b elementor-widget elementor-widget-heading\" data-id=\"7a90b7b\" data-element_type=\"widget\" data-e-type=\"widget\" data-widget_type=\"heading.default\">\n\t\t\t\t<div class=\"elementor-widget-container\">\n\t\t\t\t\t<h2 class=\"elementor-heading-title elementor-size-default\">p { line-height: 115%; margin-bottom: 0.25cm; background: transparent }a:link { color: #000080; text-decoration: underline }<p align=\"center\" style=\"line-height: 100%;margin-bottom: 0cm\"><font color=\"#3465a4\"><font face=\"Share Tech\"><font size=\"5\" style=\"font-size: 21pt\"><b>Les chalcog\u00e9nures au polygone scientifique de Grenoble<\/b><\/font><\/font><\/font><\/p><p align=\"center\" style=\"line-height: 100%;margin-bottom: 0cm\"><br>\n\n<\/p><p align=\"center\" style=\"line-height: 100%;margin-bottom: 0cm\"><font color=\"#3465a4\"><font face=\"Ubuntu\"><font size=\"4\" style=\"font-size: 15pt\"><b><font face=\"Share Tech\"><font size=\"5\" style=\"font-size: 21pt\">14-15 d\u00e9cembre 202<\/font><\/font><font face=\"Share Tech\"><font size=\"5\" style=\"font-size: 21pt\">3<\/font><\/font>\n<\/b><\/font><\/font><\/font>\n<\/p><\/h2>\t\t\t\t<\/div>\n\t\t\t\t<\/div>\n\t\t\t\t\t<\/div>\n\t\t<\/div>\n\t\t\t\t\t<\/div>\n\t\t<\/section>\n\t\t\t\t<section class=\"elementor-section elementor-top-section elementor-element elementor-element-d133ae3 elementor-section-boxed elementor-section-height-default elementor-section-height-default\" data-id=\"d133ae3\" data-element_type=\"section\" data-e-type=\"section\">\n\t\t\t\t\t\t<div class=\"elementor-container elementor-column-gap-default\">\n\t\t\t\t\t<div class=\"elementor-column elementor-col-100 elementor-top-column elementor-element elementor-element-d2c674f\" data-id=\"d2c674f\" data-element_type=\"column\" data-e-type=\"column\">\n\t\t\t<div class=\"elementor-widget-wrap elementor-element-populated\">\n\t\t\t\t\t\t<div class=\"elementor-element elementor-element-4e70528 elementor-widget-divider--view-line elementor-widget elementor-widget-divider\" data-id=\"4e70528\" data-element_type=\"widget\" data-e-type=\"widget\" data-widget_type=\"divider.default\">\n\t\t\t\t<div class=\"elementor-widget-container\">\n\t\t\t\t\t\t\t<div class=\"elementor-divider\">\n\t\t\t<span class=\"elementor-divider-separator\">\n\t\t\t\t\t\t<\/span>\n\t\t<\/div>\n\t\t\t\t\t\t<\/div>\n\t\t\t\t<\/div>\n\t\t\t\t<div class=\"elementor-element elementor-element-b1a791c elementor-drop-cap-yes elementor-drop-cap-view-default elementor-widget elementor-widget-text-editor\" data-id=\"b1a791c\" data-element_type=\"widget\" data-e-type=\"widget\" data-settings=\"{&quot;drop_cap&quot;:&quot;yes&quot;}\" data-widget_type=\"text-editor.default\">\n\t\t\t\t<div class=\"elementor-widget-container\">\n\t\t\t\t\t\t\t\t\t<p align=\"justify\"><span style=\"font-family: Arial, sans-serif;\">Le site de Grenoble rassemble un panel de grands instruments et de laboratoires particuli\u00e8rement actifs dans le domaine des chalcog\u00e9nures et de leurs applications. Ce s\u00e9jour au sein du bassin Grenoblois permettra \u00e0 des \u00e9tudiant.e.s en th\u00e8se et post-doctorant.e.s de visiter les salles blanches du CEA LETI o\u00f9 sont \u00e9labor\u00e9s et fabriqu\u00e9s des dispositifs int\u00e9grant des mat\u00e9riaux chalcog\u00e9nures gr\u00e2ce \u00e0 des outils industriels de la micro\u00e9lectronique. La deuxi\u00e8me partie du s\u00e9jour se fera au synchrotron Europ\u00e9en ESRF o\u00f9 les participant.e.s pourront visiter les lignes de lumi\u00e8re ID15, ID10 et BM08 d\u00e9di\u00e9es \u00e0 la diffraction\/diffusion\/absorption de rayons x. Finalement, les techniques de diffusion inelastique\/diffraction de neutrons seront vues lors de la visite des lignes IN5 et D4, D1B, D20 de l\u2019ILL.<\/span><\/p><p align=\"justify\"><span style=\"font-family: Arial, sans-serif;\">Les visites permettront de donner aux participant.e.s un expos\u00e9 des diff\u00e9rentes techniques\/m\u00e9thodes utilis\u00e9es sur les 3 sites, ainsi que sur les diff\u00e9rentes familles de mat\u00e9riaux chalcog\u00e9nures (sous leurs diff\u00e9rentes phases\/formes : verres, cristaux, couches minces).<\/span><\/p><p align=\"justify\"><span style=\"font-family: Arial, sans-serif;\">Ce s\u00e9jour s\u2019adresse aux jeunes scientifiques d\u00e9sirant d\u00e9couvrir les techniques d\u2019\u00e9laboration et de caract\u00e9risation de pointe partant des installations industrielles de la micro\u00e9lectronique jusqu\u2019aux grands instruments.<\/span><\/p><h3 align=\"left\"><span style=\"color: #3465a4;\"><span style=\"font-family: Share Tech;\"><span style=\"font-size: medium;\">Programme Pr\u00e9liminaire\u00a0: <\/span><\/span><\/span><\/h3><ul><li><p align=\"left\"><span style=\"font-family: Arial, sans-serif;\">Jeu. 14 matin \u2192 CEA LETI : s\u00e9minaire + visite des salles blanches<\/span><\/p><\/li><li><p align=\"left\"><span style=\"font-family: Arial, sans-serif;\">Jeu. 14 apr\u00e8s-midi \u2192 ESRF : s\u00e9minaire + visite beamlines<br \/><\/span><\/p><\/li><li><p align=\"left\"><span style=\"font-family: Arial, sans-serif;\">Ven. 15 matin \u2192 ILL : s\u00e9minaire + visite beamlines<\/span><\/p><\/li><\/ul><h3 align=\"left\"><span style=\"color: #3465a4;\"><span style=\"font-family: Share Tech;\"><span style=\"font-size: medium;\">D\u00e9tails pratiques\u00a0: <\/span><\/span><\/span><\/h3><p align=\"justify\"><span style=\"font-family: Arial, sans-serif;\">Cette visite est r\u00e9serv\u00e9e aux \u00e9tudiant.e.s en th\u00e8se et aux post-doctorant.es. La mission est int\u00e9gralement prise en charge par le GDR CHALCO. L\u2019inscription se fait en renvoyant la fiche disponible ci-dessous.<br \/><\/span><\/p><h2 align=\"center\">\u00a0<\/h2><h2 align=\"center\"><span style=\"color: #3465a4;\"><span style=\"font-family: Share Tech;\"><b>DATE LIMITE D\u2019INSCRIPTION\u00a0: 15 OCTOBRE<\/b><\/span><\/span><\/h2><h2 align=\"center\"><span style=\"color: #3465a4;\"><span style=\"font-family: Share Tech;\"><b>NOMBRE DE PARTICIPANT.E.S LIMIT\u00c9<\/b><\/span><\/span><\/h2><h3 align=\"center\"><a href=\"https:\/\/gdrchalco.cnrs.fr\/?sdm_downloads=fiche-inscription-chalc-grenoble\">fiche d&rsquo;inscription<\/a><\/h3><p>c<\/p>\t\t\t\t\t\t\t\t<\/div>\n\t\t\t\t<\/div>\n\t\t\t\t<div class=\"elementor-element elementor-element-8d916b3 elementor-widget elementor-widget-image\" data-id=\"8d916b3\" data-element_type=\"widget\" data-e-type=\"widget\" data-widget_type=\"image.default\">\n\t\t\t\t<div class=\"elementor-widget-container\">\n\t\t\t\t\t\t\t\t\t\t\t\t\t\t\t<img fetchpriority=\"high\" decoding=\"async\" width=\"1024\" height=\"140\" src=\"https:\/\/gdrchalco.cnrs.fr\/wp-content\/uploads\/2023\/09\/toutlogo2-1-1024x140.png\" class=\"attachment-large size-large wp-image-1264\" alt=\"\" srcset=\"https:\/\/gdrchalco.cnrs.fr\/wp-content\/uploads\/2023\/09\/toutlogo2-1-1024x140.png 1024w, https:\/\/gdrchalco.cnrs.fr\/wp-content\/uploads\/2023\/09\/toutlogo2-1-300x41.png 300w, https:\/\/gdrchalco.cnrs.fr\/wp-content\/uploads\/2023\/09\/toutlogo2-1-768x105.png 768w, https:\/\/gdrchalco.cnrs.fr\/wp-content\/uploads\/2023\/09\/toutlogo2-1-1536x210.png 1536w, https:\/\/gdrchalco.cnrs.fr\/wp-content\/uploads\/2023\/09\/toutlogo2-1.png 1727w\" sizes=\"(max-width: 1024px) 100vw, 1024px\" \/>\t\t\t\t\t\t\t\t\t\t\t\t\t\t\t<\/div>\n\t\t\t\t<\/div>\n\t\t\t\t\t<\/div>\n\t\t<\/div>\n\t\t\t\t\t<\/div>\n\t\t<\/section>\n\t\t\t\t<section class=\"elementor-section elementor-top-section elementor-element elementor-element-41f483d elementor-section-boxed elementor-section-height-default elementor-section-height-default\" data-id=\"41f483d\" data-element_type=\"section\" data-e-type=\"section\">\n\t\t\t\t\t\t<div class=\"elementor-container elementor-column-gap-default\">\n\t\t\t\t\t<div class=\"elementor-column elementor-col-100 elementor-top-column elementor-element elementor-element-9064e1a\" data-id=\"9064e1a\" data-element_type=\"column\" data-e-type=\"column\">\n\t\t\t<div class=\"elementor-widget-wrap\">\n\t\t\t\t\t\t\t<\/div>\n\t\t<\/div>\n\t\t\t\t\t<\/div>\n\t\t<\/section>\n\t\t\t\t<\/div>\n\t\t","protected":false},"excerpt":{"rendered":"<p>Les chalcog\u00e9nures au polygone scientifique de Grenoble 14-15 d\u00e9cembre 2023 Le site de Grenoble rassemble un panel de grands instruments et de laboratoires particuli\u00e8rement actifs dans le domaine des chalcog\u00e9nures et de leurs applications. Ce s\u00e9jour au sein du bassin Grenoblois permettra \u00e0 des \u00e9tudiant.e.s en th\u00e8se et post-doctorant.e.s de visiter les salles blanches du [&hellip;]<\/p>\n","protected":false},"author":2,"featured_media":0,"parent":0,"menu_order":0,"comment_status":"closed","ping_status":"closed","template":"","meta":{"footnotes":""},"class_list":["post-1220","page","type-page","status-publish","hentry","entry"],"_links":{"self":[{"href":"https:\/\/gdrchalco.cnrs.fr\/index.php?rest_route=\/wp\/v2\/pages\/1220","targetHints":{"allow":["GET"]}}],"collection":[{"href":"https:\/\/gdrchalco.cnrs.fr\/index.php?rest_route=\/wp\/v2\/pages"}],"about":[{"href":"https:\/\/gdrchalco.cnrs.fr\/index.php?rest_route=\/wp\/v2\/types\/page"}],"author":[{"embeddable":true,"href":"https:\/\/gdrchalco.cnrs.fr\/index.php?rest_route=\/wp\/v2\/users\/2"}],"replies":[{"embeddable":true,"href":"https:\/\/gdrchalco.cnrs.fr\/index.php?rest_route=%2Fwp%2Fv2%2Fcomments&post=1220"}],"version-history":[{"count":44,"href":"https:\/\/gdrchalco.cnrs.fr\/index.php?rest_route=\/wp\/v2\/pages\/1220\/revisions"}],"predecessor-version":[{"id":1270,"href":"https:\/\/gdrchalco.cnrs.fr\/index.php?rest_route=\/wp\/v2\/pages\/1220\/revisions\/1270"}],"wp:attachment":[{"href":"https:\/\/gdrchalco.cnrs.fr\/index.php?rest_route=%2Fwp%2Fv2%2Fmedia&parent=1220"}],"curies":[{"name":"wp","href":"https:\/\/api.w.org\/{rel}","templated":true}]}}