{"id":1041,"date":"2023-03-02T11:57:36","date_gmt":"2023-03-02T10:57:36","guid":{"rendered":"https:\/\/gdrchalco.cnrs.fr\/?page_id=1041"},"modified":"2023-10-20T15:58:23","modified_gmt":"2023-10-20T13:58:23","slug":"elementor-1041","status":"publish","type":"page","link":"https:\/\/gdrchalco.cnrs.fr\/?page_id=1041&lang=fr","title":{"rendered":"Webinaires mensuels"},"content":{"rendered":"\t\t<div data-elementor-type=\"wp-page\" data-elementor-id=\"1041\" class=\"elementor elementor-1041\">\n\t\t\t\t\t\t<section class=\"elementor-section elementor-top-section elementor-element elementor-element-17e69f3 elementor-section-boxed elementor-section-height-default elementor-section-height-default\" data-id=\"17e69f3\" data-element_type=\"section\" data-e-type=\"section\">\n\t\t\t\t\t\t<div class=\"elementor-container elementor-column-gap-default\">\n\t\t\t\t\t<div class=\"elementor-column elementor-col-100 elementor-top-column elementor-element elementor-element-f622a65\" data-id=\"f622a65\" data-element_type=\"column\" data-e-type=\"column\">\n\t\t\t<div class=\"elementor-widget-wrap elementor-element-populated\">\n\t\t\t\t\t\t<div class=\"elementor-element elementor-element-a8d84ea elementor-widget elementor-widget-text-editor\" data-id=\"a8d84ea\" data-element_type=\"widget\" data-e-type=\"widget\" data-widget_type=\"text-editor.default\">\n\t\t\t\t<div class=\"elementor-widget-container\">\n\t\t\t\t\t\t\t\t\t<p><span style=\"text-decoration: underline;\"><strong>Vendredi 6 octobre 2023 :<\/strong><\/span><\/p><ol><li><p>\u00ab\u00a0Mat\u00e9riaux quantiques chalcog\u00e9nures : recherche exploratoire et \u00e9tudes des propri\u00e9t\u00e9s m\u00e9moires\/neuromorphiques. \u00a0\u00bb par <strong>Laurent Cario<\/strong> de l&rsquo;Institut des Mat\u00e9riaux de Nantes Jean Rouxel. &#8211; <a href=\"https:\/\/gdrchalco.cnrs.fr\/?sdm_downloads=presentation_lcario\">fichier<\/a><\/p><\/li><li>\u00ab\u00a0Laboratoire de R\u00e9activit\u00e9 et Chimie des Solides &#8211; HUB de l&rsquo;\u00e9nergie : chalcog\u00e9nures pour batteries tout-solide\u00a0\u00bb par <strong>Virginie Viallet<\/strong> du Laboratoire de R\u00e9activit\u00e9 et Chimie des Solides, Amiens &#8211; <a href=\"https:\/\/gdrchalco.cnrs.fr\/?sdm_downloads=presentation_vviallet\">fichier<\/a><\/li><\/ol><p><span style=\"text-decoration: underline;\"><strong>Vendredi 7 juillet 2023 :<\/strong><\/span><\/p><p>\u00ab\u00a0Unexpected phenomena in glassy and liquid chalcogenides for using in rational design of optical, neuromorphic or energy materials\u00a0\u00bb donn\u00e9 par <strong>Maria Bokova<\/strong> et <strong>Eug\u00e8ne Bychkov<\/strong> du Laboratoire de Physico-Chimie de l&rsquo;Atmosph\u00e8re, Dunkerque &#8211; <a href=\"https:\/\/gdrchalco.cnrs.fr\/?sdm_downloads=1194\">fichier<\/a><\/p><p><span style=\"text-decoration: underline;\"><strong>Vendredi 5 mai 2023 :<\/strong><\/span><\/p><ol><li><p>\u00ab\u00a0Chalcogenide optical fibers for detection\u00a0\u00bb par <strong>Catherine Boussard-Pledel<\/strong> de l&rsquo;Institut des Sciences Chimiques de Rennes, Rennes &#8211; <a href=\"https:\/\/gdrchalco.cnrs.fr\/?sdm_downloads=1118\">fichier<\/a><\/p><\/li><li><p>\u00a0\u00ab\u00a0Complex chalcogenides for thermoelectric applications\u00a0\u00bb par <strong>Christophe Candolfi<\/strong> de Institut Jean Lamour, Nancy.- <a href=\"https:\/\/gdrchalco.cnrs.fr\/?sdm_downloads=1125\">fichier<\/a><\/p><\/li><\/ol><p><span style=\"text-decoration: underline;\"><strong>Vendredi 7 avril 2023 :<\/strong><\/span><\/p><ol><li><p>\u00a0\u00ab\u00a0Institut des Mat\u00e9riaux de Nantes Jean Rouxel : chalcog\u00e9nures \u00e0 propri\u00e9t\u00e9s photoinduites pour la conversion de l&rsquo;\u00e9nergie\u00a0\u00bb par <strong>Nicolas Barreau<\/strong> de l&rsquo;Insitut des Mat\u00e9riaux de Nantes Jean Rouxel, Nantes &#8211; <a href=\"https:\/\/gdrchalco.cnrs.fr\/?sdm_downloads=webinaire2_2\">fichier<\/a><\/p><\/li><li><p>\u00a0\u00ab\u00a0Time- and Angle-Resolved Photoemission Spectroscopy of 2D Materials\u00a0\u00bb par<strong> Samuel Beaulieu<\/strong> du Centre Lasers Intenses et Applications, Bordeaux &#8211; <a href=\"https:\/\/gdrchalco.cnrs.fr\/?sdm_downloads=webinaire2_1\">fichier<\/a><\/p><\/li><\/ol><p><span style=\"text-decoration: underline;\"><strong>Vendredi 3 mars 2023 :<\/strong><\/span><\/p><ol><li><p>\u00a0\u00ab\u00a0\u00c9tude fondamentale des propri\u00e9t\u00e9s de transport thermique et \u00e9lectrique pour des applications dans le domaine de l&rsquo;\u00e9nergie\u00a0\u00bb par <strong>Valentina Giodano<\/strong> de l&rsquo;Institut Lumi\u00e8re Mati\u00e8re \u00e0 Lyon &#8211;<a href=\"https:\/\/gdrchalco.cnrs.fr\/?smd_process_download=1&amp;download_id=1064\"> fichier<\/a><\/p><\/li><li><p>\u00a0\u00ab\u00a0Hybrid silicon photonics with chalcogenides\u00a0\u00bbpar <strong>Carlos Alonso-Ramos<\/strong> du Centre for Nanoscience and Nanotechnology \u00e0 Palaiseau. &#8211; <a href=\"https:\/\/gdrchalco.cnrs.fr\/?smd_process_download=1&amp;download_id=1073\">fichier<\/a><\/p><\/li><\/ol><p>titre<\/p>\t\t\t\t\t\t\t\t<\/div>\n\t\t\t\t<\/div>\n\t\t\t\t\t<\/div>\n\t\t<\/div>\n\t\t\t\t\t<\/div>\n\t\t<\/section>\n\t\t\t\t<\/div>\n\t\t","protected":false},"excerpt":{"rendered":"<p>Vendredi 6 octobre 2023 : \u00ab\u00a0Mat\u00e9riaux quantiques chalcog\u00e9nures : recherche exploratoire et \u00e9tudes des propri\u00e9t\u00e9s m\u00e9moires\/neuromorphiques. \u00a0\u00bb par Laurent Cario de l&rsquo;Institut des Mat\u00e9riaux de Nantes Jean Rouxel. &#8211; fichier \u00ab\u00a0Laboratoire de R\u00e9activit\u00e9 et Chimie des Solides &#8211; HUB de l&rsquo;\u00e9nergie : chalcog\u00e9nures pour batteries tout-solide\u00a0\u00bb par Virginie Viallet du Laboratoire de R\u00e9activit\u00e9 et Chimie [&hellip;]<\/p>\n","protected":false},"author":2,"featured_media":0,"parent":0,"menu_order":0,"comment_status":"closed","ping_status":"closed","template":"","meta":{"footnotes":""},"class_list":["post-1041","page","type-page","status-publish","hentry","entry"],"_links":{"self":[{"href":"https:\/\/gdrchalco.cnrs.fr\/index.php?rest_route=\/wp\/v2\/pages\/1041","targetHints":{"allow":["GET"]}}],"collection":[{"href":"https:\/\/gdrchalco.cnrs.fr\/index.php?rest_route=\/wp\/v2\/pages"}],"about":[{"href":"https:\/\/gdrchalco.cnrs.fr\/index.php?rest_route=\/wp\/v2\/types\/page"}],"author":[{"embeddable":true,"href":"https:\/\/gdrchalco.cnrs.fr\/index.php?rest_route=\/wp\/v2\/users\/2"}],"replies":[{"embeddable":true,"href":"https:\/\/gdrchalco.cnrs.fr\/index.php?rest_route=%2Fwp%2Fv2%2Fcomments&post=1041"}],"version-history":[{"count":84,"href":"https:\/\/gdrchalco.cnrs.fr\/index.php?rest_route=\/wp\/v2\/pages\/1041\/revisions"}],"predecessor-version":[{"id":1281,"href":"https:\/\/gdrchalco.cnrs.fr\/index.php?rest_route=\/wp\/v2\/pages\/1041\/revisions\/1281"}],"wp:attachment":[{"href":"https:\/\/gdrchalco.cnrs.fr\/index.php?rest_route=%2Fwp%2Fv2%2Fmedia&parent=1041"}],"curies":[{"name":"wp","href":"https:\/\/api.w.org\/{rel}","templated":true}]}}